{"id":3818,"date":"2021-04-27T17:49:17","date_gmt":"2021-04-27T16:49:17","guid":{"rendered":"https:\/\/cldt.hr\/?page_id=3818"},"modified":"2021-11-22T18:01:39","modified_gmt":"2021-11-22T17:01:39","slug":"c","status":"publish","type":"page","link":"https:\/\/cldt.hr\/en\/trail\/sections\/c\/","title":{"rendered":"Section C"},"content":{"rendered":"<div class=\"wpb-content-wrapper\"><p>[vc_row][vc_column][vc_column_text]<\/p>\r\n<figure class=\"wp-block-pullquote\">\r\n<blockquote>\r\n<p>Savudrija \u2013 Prevlaka<\/p>\r\n<p><cite>~967,5 KM | ~28 KM D+ | ~44 DAYS<\/cite><\/p>\r\n<\/blockquote>\r\n<\/figure>\r\n\r\n<p>From Savudrija the trail passes by Umag and along footpaths to Pazin and then to\u00a0Rabac, from where the trail climbs up U\u010dka. To see small, picturesque, scattered little towns such as Motovun and Gro\u017enjan lit by the morning sun peeking out from the misty valleys like enchanted castles is a joy for hikers who will be inspired for many years after they return from a long walk like this on the CLDT. From U\u010dka the trail bypasses Rijeka and via Fu\u017eine and Vratnik it climbs to Zavi\u017ean, and the famous mountain lodge and meteorological station. This is a demanding part with serious mountains where one should be more cautious, particularly because of the weather conditions and water supplies. The average hiker will walk this part of section C in 14 days.<\/p>\r\n\r\n<p>&nbsp;<\/p>\r\n\r\n<figure class=\"wp-block-image size-large\"><img loading=\"lazy\" decoding=\"async\" width=\"1024\" height=\"512\" class=\"wp-image-3847\" src=\"https:\/\/cldt.hr\/wp-content\/uploads\/2021\/04\/cldt-section-c-2-1024x512.jpg\" alt=\"CLDT Section C\" srcset=\"https:\/\/cldt.hr\/wp-content\/uploads\/2021\/04\/cldt-section-c-2-1024x512.jpg 1024w, https:\/\/cldt.hr\/wp-content\/uploads\/2021\/04\/cldt-section-c-2-300x150.jpg 300w, https:\/\/cldt.hr\/wp-content\/uploads\/2021\/04\/cldt-section-c-2-768x384.jpg 768w, https:\/\/cldt.hr\/wp-content\/uploads\/2021\/04\/cldt-section-c-2.jpg 1140w\" sizes=\"auto, (max-width: 1024px) 100vw, 1024px\" \/><\/figure>\r\n\r\n<p>Premu\u017ei\u0107\u2019s Trail has the cult status of all Croatia\u2019s mountains and walking it is not only a pleasure but an obligation. It winds through the most attractive corners of the mystical Velebit mountain, and where another national park in the chain &#8211; the Northern Velebit National Park is found, after which comes the Paklenica National Park where hikers come across new challenges. This part of section is quite demanding \u2013 there is less water, fewer supply points, certain skills are needed, but by its attractiveness it is perhaps the richest, even more so as it ends at the highest peak of the Republic of Croatia \u2013 Sinjal (1,830 m). This part of section C is not recommended for inexperienced hikers to start walking. The average hiker will walk it in 10 days.<\/p>\r\n\r\n<p>&nbsp;<\/p>\r\n\r\n<figure class=\"wp-block-image size-large\"><img loading=\"lazy\" decoding=\"async\" width=\"1024\" height=\"512\" class=\"wp-image-3849\" src=\"https:\/\/cldt.hr\/wp-content\/uploads\/2021\/04\/cldt-section-c-3-1024x512.jpg\" alt=\"CLDT Section C\" srcset=\"https:\/\/cldt.hr\/wp-content\/uploads\/2021\/04\/cldt-section-c-3-1024x512.jpg 1024w, https:\/\/cldt.hr\/wp-content\/uploads\/2021\/04\/cldt-section-c-3-300x150.jpg 300w, https:\/\/cldt.hr\/wp-content\/uploads\/2021\/04\/cldt-section-c-3-768x384.jpg 768w, https:\/\/cldt.hr\/wp-content\/uploads\/2021\/04\/cldt-section-c-3.jpg 1140w\" sizes=\"auto, (max-width: 1024px) 100vw, 1024px\" \/><\/figure>\r\n\r\n<p>From the highest peak of the Republic of Croatia the trail turns towards the mountains Svilaja, Mali Kozjak and Mosor, after which it descends to Omi\u0161. Omi\u0161ka Dinara is a prelude to Biokovo, which will be a great challenge for hikers, however, the breath-taking views will provide them with a respite. Biokovo will take hikers southwards all the way to Plo\u010de, and the mouth of the Neretva River from where the trail goes to Pelje\u0161ac, the winegrowing region full of history. The very end of the CLDT is reserved for Dubrovnik, and Sr\u0111, which like a guard watches over the city. Attractiveness is guaranteed. The CLDT ends at the southernmost point of Croatian \u2013 Prevlaka, 2,109\u00a0km from the starting point, and which the average hiker can cover in 100 days. The average hiker can spend a full 20 days on this last part of section C though.<\/p>\r\n<p>[\/vc_column_text][\/vc_column][\/vc_row][vc_row][vc_column][vc_column_text]<\/p>\r\n<h3>Image Gallery<\/h3>\r\n<div id=\"metaslider-id-4013\" style=\"width: 100%; margin: 0 auto;\" class=\"ml-slider-3-106-0 metaslider metaslider-flex metaslider-4013 ml-slider has-dots-nav ml-slider-lightbox-2-22-0 firelight-lightbox-2-3-18 ms-theme-default\" role=\"region\" aria-label=\"SECTION C\" data-height=\"300\" data-width=\"700\">\n    <div id=\"metaslider_container_4013\">\n        <div id=\"metaslider_4013\">\n            <ul class='slides'>\n                <li style=\"display: block; width: 100%;\" class=\"slide-4054 ms-image \" aria-roledescription=\"slide\" data-date=\"2021-11-22 18:13:19\" data-filename=\"CLDT_C_1.jpg\" data-slide-type=\"image\"><img loading=\"lazy\" decoding=\"async\" width=\"2560\" height=\"1440\" src=\"https:\/\/cldt.hr\/wp-content\/uploads\/2021\/11\/CLDT_C_1.jpg\" class=\"slider-4013 slide-4054 msDefaultImage ml-lightbox-enabled\" alt=\"\" rel=\"\" title=\"Croatian Long Distance Trail - Section C (1)\" srcset=\"https:\/\/cldt.hr\/wp-content\/uploads\/2021\/11\/CLDT_C_1.jpg 2560w, https:\/\/cldt.hr\/wp-content\/uploads\/2021\/11\/CLDT_C_1-300x169.jpg 300w, https:\/\/cldt.hr\/wp-content\/uploads\/2021\/11\/CLDT_C_1-1024x576.jpg 1024w, https:\/\/cldt.hr\/wp-content\/uploads\/2021\/11\/CLDT_C_1-768x432.jpg 768w, https:\/\/cldt.hr\/wp-content\/uploads\/2021\/11\/CLDT_C_1-1536x864.jpg 1536w, https:\/\/cldt.hr\/wp-content\/uploads\/2021\/11\/CLDT_C_1-2048x1152.jpg 2048w\" sizes=\"auto, (max-width: 2560px) 100vw, 2560px\" \/><\/li>\n                <li style=\"display: none; width: 100%;\" class=\"slide-4055 ms-image \" aria-roledescription=\"slide\" data-date=\"2021-11-22 18:13:19\" data-filename=\"CLDT_C_2.jpg\" data-slide-type=\"image\"><img loading=\"lazy\" decoding=\"async\" width=\"2560\" height=\"1440\" src=\"https:\/\/cldt.hr\/wp-content\/uploads\/2021\/11\/CLDT_C_2.jpg\" class=\"slider-4013 slide-4055 msDefaultImage ml-lightbox-enabled\" alt=\"\" rel=\"\" title=\"Croatian Long Distance Trail - Section C (2)\" srcset=\"https:\/\/cldt.hr\/wp-content\/uploads\/2021\/11\/CLDT_C_2.jpg 2560w, https:\/\/cldt.hr\/wp-content\/uploads\/2021\/11\/CLDT_C_2-300x169.jpg 300w, https:\/\/cldt.hr\/wp-content\/uploads\/2021\/11\/CLDT_C_2-1024x576.jpg 1024w, https:\/\/cldt.hr\/wp-content\/uploads\/2021\/11\/CLDT_C_2-768x432.jpg 768w, https:\/\/cldt.hr\/wp-content\/uploads\/2021\/11\/CLDT_C_2-1536x864.jpg 1536w, https:\/\/cldt.hr\/wp-content\/uploads\/2021\/11\/CLDT_C_2-2048x1152.jpg 2048w\" sizes=\"auto, (max-width: 2560px) 100vw, 2560px\" \/><\/li>\n                <li style=\"display: none; width: 100%;\" class=\"slide-4056 ms-image \" aria-roledescription=\"slide\" data-date=\"2021-11-22 18:13:19\" data-filename=\"CLDT_C_3.jpg\" data-slide-type=\"image\"><img loading=\"lazy\" decoding=\"async\" width=\"2560\" height=\"1440\" src=\"https:\/\/cldt.hr\/wp-content\/uploads\/2021\/11\/CLDT_C_3.jpg\" class=\"slider-4013 slide-4056 msDefaultImage ml-lightbox-enabled\" alt=\"\" rel=\"\" title=\"Croatian Long Distance Trail - Section C (3)\" srcset=\"https:\/\/cldt.hr\/wp-content\/uploads\/2021\/11\/CLDT_C_3.jpg 2560w, https:\/\/cldt.hr\/wp-content\/uploads\/2021\/11\/CLDT_C_3-300x169.jpg 300w, https:\/\/cldt.hr\/wp-content\/uploads\/2021\/11\/CLDT_C_3-1024x576.jpg 1024w, https:\/\/cldt.hr\/wp-content\/uploads\/2021\/11\/CLDT_C_3-768x432.jpg 768w, https:\/\/cldt.hr\/wp-content\/uploads\/2021\/11\/CLDT_C_3-1536x864.jpg 1536w, https:\/\/cldt.hr\/wp-content\/uploads\/2021\/11\/CLDT_C_3-2048x1152.jpg 2048w\" sizes=\"auto, (max-width: 2560px) 100vw, 2560px\" \/><\/li>\n                <li style=\"display: none; width: 100%;\" class=\"slide-4057 ms-image \" aria-roledescription=\"slide\" data-date=\"2021-11-22 18:13:19\" data-filename=\"CLDT_C_4.jpg\" data-slide-type=\"image\"><img loading=\"lazy\" decoding=\"async\" width=\"1280\" height=\"720\" src=\"https:\/\/cldt.hr\/wp-content\/uploads\/2021\/11\/CLDT_C_4.jpg\" class=\"slider-4013 slide-4057 msDefaultImage ml-lightbox-enabled\" alt=\"\" rel=\"\" title=\"Croatian Long Distance Trail - Section C (4)\" srcset=\"https:\/\/cldt.hr\/wp-content\/uploads\/2021\/11\/CLDT_C_4.jpg 1280w, https:\/\/cldt.hr\/wp-content\/uploads\/2021\/11\/CLDT_C_4-300x169.jpg 300w, https:\/\/cldt.hr\/wp-content\/uploads\/2021\/11\/CLDT_C_4-1024x576.jpg 1024w, https:\/\/cldt.hr\/wp-content\/uploads\/2021\/11\/CLDT_C_4-768x432.jpg 768w\" sizes=\"auto, (max-width: 1280px) 100vw, 1280px\" \/><\/li>\n                <li style=\"display: none; width: 100%;\" class=\"slide-4058 ms-image \" aria-roledescription=\"slide\" data-date=\"2021-11-22 18:13:19\" data-filename=\"CLDT_C_5.jpg\" data-slide-type=\"image\"><img loading=\"lazy\" decoding=\"async\" width=\"2560\" height=\"1440\" src=\"https:\/\/cldt.hr\/wp-content\/uploads\/2021\/11\/CLDT_C_5.jpg\" class=\"slider-4013 slide-4058 msDefaultImage ml-lightbox-enabled\" alt=\"\" rel=\"\" title=\"Croatian Long Distance Trail - Section C (5)\" srcset=\"https:\/\/cldt.hr\/wp-content\/uploads\/2021\/11\/CLDT_C_5.jpg 2560w, https:\/\/cldt.hr\/wp-content\/uploads\/2021\/11\/CLDT_C_5-300x169.jpg 300w, https:\/\/cldt.hr\/wp-content\/uploads\/2021\/11\/CLDT_C_5-1024x576.jpg 1024w, https:\/\/cldt.hr\/wp-content\/uploads\/2021\/11\/CLDT_C_5-768x432.jpg 768w, https:\/\/cldt.hr\/wp-content\/uploads\/2021\/11\/CLDT_C_5-1536x864.jpg 1536w, https:\/\/cldt.hr\/wp-content\/uploads\/2021\/11\/CLDT_C_5-2048x1152.jpg 2048w\" sizes=\"auto, (max-width: 2560px) 100vw, 2560px\" \/><\/li>\n                <li style=\"display: none; width: 100%;\" class=\"slide-4059 ms-image \" aria-roledescription=\"slide\" data-date=\"2021-11-22 18:13:19\" data-filename=\"CLDT_C_6.jpg\" data-slide-type=\"image\"><img loading=\"lazy\" decoding=\"async\" width=\"1920\" height=\"1080\" src=\"https:\/\/cldt.hr\/wp-content\/uploads\/2021\/11\/CLDT_C_6.jpg\" class=\"slider-4013 slide-4059 msDefaultImage ml-lightbox-enabled\" alt=\"\" rel=\"\" title=\"Croatian Long Distance Trail - Section C (6)\" srcset=\"https:\/\/cldt.hr\/wp-content\/uploads\/2021\/11\/CLDT_C_6.jpg 1920w, https:\/\/cldt.hr\/wp-content\/uploads\/2021\/11\/CLDT_C_6-300x169.jpg 300w, https:\/\/cldt.hr\/wp-content\/uploads\/2021\/11\/CLDT_C_6-1024x576.jpg 1024w, https:\/\/cldt.hr\/wp-content\/uploads\/2021\/11\/CLDT_C_6-768x432.jpg 768w, https:\/\/cldt.hr\/wp-content\/uploads\/2021\/11\/CLDT_C_6-1536x864.jpg 1536w\" sizes=\"auto, (max-width: 1920px) 100vw, 1920px\" \/><\/li>\n                <li style=\"display: none; width: 100%;\" class=\"slide-4060 ms-image \" aria-roledescription=\"slide\" data-date=\"2021-11-22 18:13:19\" data-filename=\"CLDT_C_7.jpg\" data-slide-type=\"image\"><img loading=\"lazy\" decoding=\"async\" width=\"1920\" height=\"1080\" src=\"https:\/\/cldt.hr\/wp-content\/uploads\/2021\/11\/CLDT_C_7.jpg\" class=\"slider-4013 slide-4060 msDefaultImage ml-lightbox-enabled\" alt=\"\" rel=\"\" title=\"Croatian Long Distance Trail - Section C (7)\" srcset=\"https:\/\/cldt.hr\/wp-content\/uploads\/2021\/11\/CLDT_C_7.jpg 1920w, https:\/\/cldt.hr\/wp-content\/uploads\/2021\/11\/CLDT_C_7-300x169.jpg 300w, https:\/\/cldt.hr\/wp-content\/uploads\/2021\/11\/CLDT_C_7-1024x576.jpg 1024w, https:\/\/cldt.hr\/wp-content\/uploads\/2021\/11\/CLDT_C_7-768x432.jpg 768w, https:\/\/cldt.hr\/wp-content\/uploads\/2021\/11\/CLDT_C_7-1536x864.jpg 1536w\" sizes=\"auto, (max-width: 1920px) 100vw, 1920px\" \/><\/li>\n                <li style=\"display: none; width: 100%;\" class=\"slide-4061 ms-image \" aria-roledescription=\"slide\" data-date=\"2021-11-22 18:13:19\" data-filename=\"CLDT_C_8.jpg\" data-slide-type=\"image\"><img loading=\"lazy\" decoding=\"async\" width=\"2560\" height=\"1440\" src=\"https:\/\/cldt.hr\/wp-content\/uploads\/2021\/11\/CLDT_C_8.jpg\" class=\"slider-4013 slide-4061 msDefaultImage ml-lightbox-enabled\" alt=\"\" rel=\"\" title=\"Croatian Long Distance Trail - Section C (8)\" srcset=\"https:\/\/cldt.hr\/wp-content\/uploads\/2021\/11\/CLDT_C_8.jpg 2560w, https:\/\/cldt.hr\/wp-content\/uploads\/2021\/11\/CLDT_C_8-300x169.jpg 300w, https:\/\/cldt.hr\/wp-content\/uploads\/2021\/11\/CLDT_C_8-1024x576.jpg 1024w, https:\/\/cldt.hr\/wp-content\/uploads\/2021\/11\/CLDT_C_8-768x432.jpg 768w, https:\/\/cldt.hr\/wp-content\/uploads\/2021\/11\/CLDT_C_8-1536x864.jpg 1536w, https:\/\/cldt.hr\/wp-content\/uploads\/2021\/11\/CLDT_C_8-2048x1152.jpg 2048w\" sizes=\"auto, (max-width: 2560px) 100vw, 2560px\" \/><\/li>\n                <li style=\"display: none; width: 100%;\" class=\"slide-4062 ms-image \" aria-roledescription=\"slide\" data-date=\"2021-11-22 18:13:20\" data-filename=\"CLDT_C_9.jpg\" data-slide-type=\"image\"><img loading=\"lazy\" decoding=\"async\" width=\"1920\" height=\"1080\" src=\"https:\/\/cldt.hr\/wp-content\/uploads\/2021\/11\/CLDT_C_9.jpg\" class=\"slider-4013 slide-4062 msDefaultImage ml-lightbox-enabled\" alt=\"\" rel=\"\" title=\"Croatian Long Distance Trail - Section C (9)\" srcset=\"https:\/\/cldt.hr\/wp-content\/uploads\/2021\/11\/CLDT_C_9.jpg 1920w, https:\/\/cldt.hr\/wp-content\/uploads\/2021\/11\/CLDT_C_9-300x169.jpg 300w, https:\/\/cldt.hr\/wp-content\/uploads\/2021\/11\/CLDT_C_9-1024x576.jpg 1024w, https:\/\/cldt.hr\/wp-content\/uploads\/2021\/11\/CLDT_C_9-768x432.jpg 768w, https:\/\/cldt.hr\/wp-content\/uploads\/2021\/11\/CLDT_C_9-1536x864.jpg 1536w\" sizes=\"auto, (max-width: 1920px) 100vw, 1920px\" \/><\/li>\n                <li style=\"display: none; width: 100%;\" class=\"slide-4063 ms-image \" aria-roledescription=\"slide\" data-date=\"2021-11-22 18:13:20\" data-filename=\"CLDT_C_10.jpg\" data-slide-type=\"image\"><img loading=\"lazy\" decoding=\"async\" width=\"1920\" height=\"1080\" src=\"https:\/\/cldt.hr\/wp-content\/uploads\/2021\/11\/CLDT_C_10.jpg\" class=\"slider-4013 slide-4063 msDefaultImage ml-lightbox-enabled\" alt=\"\" rel=\"\" title=\"Croatian Long Distance Trail - Section C (10)\" srcset=\"https:\/\/cldt.hr\/wp-content\/uploads\/2021\/11\/CLDT_C_10.jpg 1920w, https:\/\/cldt.hr\/wp-content\/uploads\/2021\/11\/CLDT_C_10-300x169.jpg 300w, https:\/\/cldt.hr\/wp-content\/uploads\/2021\/11\/CLDT_C_10-1024x576.jpg 1024w, https:\/\/cldt.hr\/wp-content\/uploads\/2021\/11\/CLDT_C_10-768x432.jpg 768w, https:\/\/cldt.hr\/wp-content\/uploads\/2021\/11\/CLDT_C_10-1536x864.jpg 1536w\" sizes=\"auto, (max-width: 1920px) 100vw, 1920px\" \/><\/li>\n                <li style=\"display: none; width: 100%;\" class=\"slide-4064 ms-image \" aria-roledescription=\"slide\" data-date=\"2021-11-22 18:13:20\" data-filename=\"CLDT_C_11.jpg\" data-slide-type=\"image\"><img loading=\"lazy\" decoding=\"async\" width=\"1920\" height=\"1080\" src=\"https:\/\/cldt.hr\/wp-content\/uploads\/2021\/11\/CLDT_C_11.jpg\" class=\"slider-4013 slide-4064 msDefaultImage ml-lightbox-enabled\" alt=\"\" rel=\"\" title=\"Croatian Long Distance Trail - Section C (11)\" srcset=\"https:\/\/cldt.hr\/wp-content\/uploads\/2021\/11\/CLDT_C_11.jpg 1920w, https:\/\/cldt.hr\/wp-content\/uploads\/2021\/11\/CLDT_C_11-300x169.jpg 300w, https:\/\/cldt.hr\/wp-content\/uploads\/2021\/11\/CLDT_C_11-1024x576.jpg 1024w, https:\/\/cldt.hr\/wp-content\/uploads\/2021\/11\/CLDT_C_11-768x432.jpg 768w, https:\/\/cldt.hr\/wp-content\/uploads\/2021\/11\/CLDT_C_11-1536x864.jpg 1536w\" sizes=\"auto, (max-width: 1920px) 100vw, 1920px\" \/><\/li>\n                <li style=\"display: none; width: 100%;\" class=\"slide-4065 ms-image \" aria-roledescription=\"slide\" data-date=\"2021-11-22 18:13:20\" data-filename=\"CLDT_C_12.jpg\" data-slide-type=\"image\"><img loading=\"lazy\" decoding=\"async\" width=\"2560\" height=\"1440\" src=\"https:\/\/cldt.hr\/wp-content\/uploads\/2021\/11\/CLDT_C_12.jpg\" class=\"slider-4013 slide-4065 msDefaultImage ml-lightbox-enabled\" alt=\"\" rel=\"\" title=\"Croatian Long Distance Trail - Section C (12)\" srcset=\"https:\/\/cldt.hr\/wp-content\/uploads\/2021\/11\/CLDT_C_12.jpg 2560w, https:\/\/cldt.hr\/wp-content\/uploads\/2021\/11\/CLDT_C_12-300x169.jpg 300w, https:\/\/cldt.hr\/wp-content\/uploads\/2021\/11\/CLDT_C_12-1024x576.jpg 1024w, https:\/\/cldt.hr\/wp-content\/uploads\/2021\/11\/CLDT_C_12-768x432.jpg 768w, https:\/\/cldt.hr\/wp-content\/uploads\/2021\/11\/CLDT_C_12-1536x864.jpg 1536w, https:\/\/cldt.hr\/wp-content\/uploads\/2021\/11\/CLDT_C_12-2048x1152.jpg 2048w\" sizes=\"auto, (max-width: 2560px) 100vw, 2560px\" \/><\/li>\n                <li style=\"display: none; width: 100%;\" class=\"slide-4066 ms-image \" aria-roledescription=\"slide\" data-date=\"2021-11-22 18:13:20\" data-filename=\"CLDT_C_13.jpg\" data-slide-type=\"image\"><img loading=\"lazy\" decoding=\"async\" width=\"2560\" height=\"1440\" src=\"https:\/\/cldt.hr\/wp-content\/uploads\/2021\/11\/CLDT_C_13.jpg\" class=\"slider-4013 slide-4066 msDefaultImage ml-lightbox-enabled\" alt=\"\" rel=\"\" title=\"Croatian Long Distance Trail - Section C (13)\" srcset=\"https:\/\/cldt.hr\/wp-content\/uploads\/2021\/11\/CLDT_C_13.jpg 2560w, https:\/\/cldt.hr\/wp-content\/uploads\/2021\/11\/CLDT_C_13-300x169.jpg 300w, https:\/\/cldt.hr\/wp-content\/uploads\/2021\/11\/CLDT_C_13-1024x576.jpg 1024w, https:\/\/cldt.hr\/wp-content\/uploads\/2021\/11\/CLDT_C_13-768x432.jpg 768w, https:\/\/cldt.hr\/wp-content\/uploads\/2021\/11\/CLDT_C_13-1536x864.jpg 1536w, https:\/\/cldt.hr\/wp-content\/uploads\/2021\/11\/CLDT_C_13-2048x1152.jpg 2048w\" sizes=\"auto, (max-width: 2560px) 100vw, 2560px\" \/><\/li>\n                <li style=\"display: none; width: 100%;\" class=\"slide-4067 ms-image \" aria-roledescription=\"slide\" data-date=\"2021-11-22 18:13:20\" data-filename=\"CLDT_C_14.jpg\" data-slide-type=\"image\"><img loading=\"lazy\" decoding=\"async\" width=\"2560\" height=\"1440\" src=\"https:\/\/cldt.hr\/wp-content\/uploads\/2021\/11\/CLDT_C_14.jpg\" class=\"slider-4013 slide-4067 msDefaultImage ml-lightbox-enabled\" alt=\"\" rel=\"\" title=\"Croatian Long Distance Trail - Section C (14)\" srcset=\"https:\/\/cldt.hr\/wp-content\/uploads\/2021\/11\/CLDT_C_14.jpg 2560w, https:\/\/cldt.hr\/wp-content\/uploads\/2021\/11\/CLDT_C_14-300x169.jpg 300w, https:\/\/cldt.hr\/wp-content\/uploads\/2021\/11\/CLDT_C_14-1024x576.jpg 1024w, https:\/\/cldt.hr\/wp-content\/uploads\/2021\/11\/CLDT_C_14-768x432.jpg 768w, https:\/\/cldt.hr\/wp-content\/uploads\/2021\/11\/CLDT_C_14-1536x864.jpg 1536w, https:\/\/cldt.hr\/wp-content\/uploads\/2021\/11\/CLDT_C_14-2048x1152.jpg 2048w\" sizes=\"auto, (max-width: 2560px) 100vw, 2560px\" \/><\/li>\n                <li style=\"display: none; width: 100%;\" class=\"slide-4068 ms-image \" aria-roledescription=\"slide\" data-date=\"2021-11-22 18:13:20\" data-filename=\"CLDT_C_15.jpg\" data-slide-type=\"image\"><img loading=\"lazy\" decoding=\"async\" width=\"2560\" height=\"1440\" src=\"https:\/\/cldt.hr\/wp-content\/uploads\/2021\/11\/CLDT_C_15.jpg\" class=\"slider-4013 slide-4068 msDefaultImage ml-lightbox-enabled\" alt=\"\" rel=\"\" title=\"Croatian Long Distance Trail - Section C (15)\" srcset=\"https:\/\/cldt.hr\/wp-content\/uploads\/2021\/11\/CLDT_C_15.jpg 2560w, https:\/\/cldt.hr\/wp-content\/uploads\/2021\/11\/CLDT_C_15-300x169.jpg 300w, https:\/\/cldt.hr\/wp-content\/uploads\/2021\/11\/CLDT_C_15-1024x576.jpg 1024w, https:\/\/cldt.hr\/wp-content\/uploads\/2021\/11\/CLDT_C_15-768x432.jpg 768w, https:\/\/cldt.hr\/wp-content\/uploads\/2021\/11\/CLDT_C_15-1536x864.jpg 1536w, https:\/\/cldt.hr\/wp-content\/uploads\/2021\/11\/CLDT_C_15-2048x1152.jpg 2048w\" sizes=\"auto, (max-width: 2560px) 100vw, 2560px\" \/><\/li>\n            <\/ul>\n        <\/div>\n        \n    <\/div>\n<\/div>\r\n<p>[\/vc_column_text][\/vc_column][\/vc_row]<\/p><\/div>","protected":false},"excerpt":{"rendered":"<p>[vc_row][vc_column][vc_column_text] Savudrija \u2013 Prevlaka ~967,5 KM | ~28 KM D+ | ~44 DAYS From Savudrija the trail passes by Umag and along footpaths to Pazin and then to\u00a0Rabac, from where the trail climbs up U\u010dka. To see small, picturesque, scattered little towns such as Motovun and Gro\u017enjan lit by the morning sun peeking out from [&hellip;]<\/p>\n","protected":false},"author":1,"featured_media":3451,"parent":3813,"menu_order":2,"comment_status":"closed","ping_status":"closed","template":"","meta":{"_acf_changed":false,"_lmt_disableupdate":"","_lmt_disable":"","_monsterinsights_skip_tracking":false,"_monsterinsights_sitenote_active":false,"_monsterinsights_sitenote_note":"","_monsterinsights_sitenote_category":0,"footnotes":""},"class_list":["post-3818","page","type-page","status-publish","has-post-thumbnail","hentry"],"acf":[],"_links":{"self":[{"href":"https:\/\/cldt.hr\/en\/wp-json\/wp\/v2\/pages\/3818","targetHints":{"allow":["GET"]}}],"collection":[{"href":"https:\/\/cldt.hr\/en\/wp-json\/wp\/v2\/pages"}],"about":[{"href":"https:\/\/cldt.hr\/en\/wp-json\/wp\/v2\/types\/page"}],"author":[{"embeddable":true,"href":"https:\/\/cldt.hr\/en\/wp-json\/wp\/v2\/users\/1"}],"replies":[{"embeddable":true,"href":"https:\/\/cldt.hr\/en\/wp-json\/wp\/v2\/comments?post=3818"}],"version-history":[{"count":5,"href":"https:\/\/cldt.hr\/en\/wp-json\/wp\/v2\/pages\/3818\/revisions"}],"predecessor-version":[{"id":4023,"href":"https:\/\/cldt.hr\/en\/wp-json\/wp\/v2\/pages\/3818\/revisions\/4023"}],"up":[{"embeddable":true,"href":"https:\/\/cldt.hr\/en\/wp-json\/wp\/v2\/pages\/3813"}],"wp:featuredmedia":[{"embeddable":true,"href":"https:\/\/cldt.hr\/en\/wp-json\/wp\/v2\/media\/3451"}],"wp:attachment":[{"href":"https:\/\/cldt.hr\/en\/wp-json\/wp\/v2\/media?parent=3818"}],"curies":[{"name":"wp","href":"https:\/\/api.w.org\/{rel}","templated":true}]}}