{"id":3817,"date":"2021-04-27T17:49:22","date_gmt":"2021-04-27T16:49:22","guid":{"rendered":"https:\/\/cldt.hr\/?page_id=3817"},"modified":"2021-11-22T17:57:46","modified_gmt":"2021-11-22T16:57:46","slug":"b","status":"publish","type":"page","link":"https:\/\/cldt.hr\/en\/trail\/sections\/b\/","title":{"rendered":"Section B"},"content":{"rendered":"<div class=\"wpb-content-wrapper\"><p>[vc_row][vc_column][vc_column_text]<\/p>\r\n<figure class=\"wp-block-pullquote\">\r\n<blockquote>\r\n<p>Sveti Martin na Muri \u2013 Savudrija<\/p>\r\n<p><cite>~565,5 KM | ~9,2 KM D+ | ~24 DAYS<\/cite><\/p>\r\n<\/blockquote>\r\n<\/figure>\r\n<p><br \/>\r\nFrom the northernmost point the hiking route turns south and through Me\u0111imurje, next to \u010cakovec \u2013 the town of the Zrinskis, it goes to Vara\u017edin from where it goes over Ravna Gora to the Trako\u0161\u0107an castle and down the magical Zagorje region it arrives at Strahinj\u010dica, and then also Ivan\u0161\u010dica \u2013 two Zagorje mountains which dominate this region and show all the lush greenery of this splendid region. By descending, hikers will experience the widely known winegrowing hills which will take them to Medvednica \u2013 the Zagreb paradise, and its peak \u2013 Sljeme. This part is moderately demanding, yet the fact that a hiker can take a break at frequent settlements along the way makes it easier. An average hiker can walk this part of section B in a week.<\/p>\r\n<p><br \/>\r\n<\/p>\r\n<figure class=\"wp-block-image size-large\"><img loading=\"lazy\" decoding=\"async\" width=\"1024\" height=\"512\" class=\"wp-image-3841\" src=\"https:\/\/cldt.hr\/wp-content\/uploads\/2021\/04\/cldt-section-b-2-1024x512.jpg\" alt=\"CLDT Section B\" srcset=\"https:\/\/cldt.hr\/wp-content\/uploads\/2021\/04\/cldt-section-b-2-1024x512.jpg 1024w, https:\/\/cldt.hr\/wp-content\/uploads\/2021\/04\/cldt-section-b-2-300x150.jpg 300w, https:\/\/cldt.hr\/wp-content\/uploads\/2021\/04\/cldt-section-b-2-768x384.jpg 768w, https:\/\/cldt.hr\/wp-content\/uploads\/2021\/04\/cldt-section-b-2.jpg 1140w\" sizes=\"auto, (max-width: 1024px) 100vw, 1024px\" \/><\/figure>\r\n<p><br \/>\r\nApart from Zagreb, which hikers can reach by bus and then find out why it is the capital city of Croatia, by descending from Medvednica they will find themselves in picturesque Samobor and maybe try the Samobor \u201cgreblica\u201d (thin savoury cake) or the widely-known \u201ckrem\u0161nita\u201d (cream cake). There is not much to say about the beauty of Samobor Hills and \u017dumberak because the mountains and untouched forests speak for themselves. From \u017dumberak hikers enter Gorski Kotar through Severin na Kupi, where they will enjoy the thick forests, the multitude of wild animals and local food. Some fortunate hiker might encounter an even more attractive animal. Also in this section is the first of three national parks \u2013 the Risnjak National Park. The many forests and the shade of this section will make it easy during the summer heat, however, the enviable altitude will make a hiker sweat considerably. The average hiker will walk this part of section B in 12 days.<\/p>\r\n<p><br \/>\r\n<\/p>\r\n<figure class=\"wp-block-image size-large\"><img loading=\"lazy\" decoding=\"async\" width=\"1024\" height=\"512\" class=\"wp-image-3843\" src=\"https:\/\/cldt.hr\/wp-content\/uploads\/2021\/04\/cldt-section-b-3-1024x512.jpg\" alt=\"\" srcset=\"https:\/\/cldt.hr\/wp-content\/uploads\/2021\/04\/cldt-section-b-3-1024x512.jpg 1024w, https:\/\/cldt.hr\/wp-content\/uploads\/2021\/04\/cldt-section-b-3-300x150.jpg 300w, https:\/\/cldt.hr\/wp-content\/uploads\/2021\/04\/cldt-section-b-3-768x384.jpg 768w, https:\/\/cldt.hr\/wp-content\/uploads\/2021\/04\/cldt-section-b-3.jpg 1140w\" sizes=\"auto, (max-width: 1024px) 100vw, 1024px\" \/><\/figure>\r\n<p><br \/>\r\nIstria is also attractive by car. Walking through it evokes a special feeling. The trail goes down the Istrian mountain route all the way to the westernmost point of the Republic of Croatia \u2013 Savudrija where hikers will meet the sea for the first time.\u00a0This trail is maybe not so demanding in a fitness sense, but it does present a great challenge due to the heat. In contrast to Papuk, it might be better to come here in spring, not to walk the whole trail in one go. The average hiker will master this last part of section B in four days.<\/p>\r\n<p>[\/vc_column_text][\/vc_column][\/vc_row][vc_row][vc_column][vc_column_text]<\/p>\r\n<h3>Image Gallery<\/h3>\r\n<div id=\"metaslider-id-3973\" style=\"width: 100%; margin: 0 auto;\" class=\"ml-slider-3-106-0 metaslider metaslider-flex metaslider-3973 ml-slider has-dots-nav ml-slider-lightbox-2-22-0 firelight-lightbox-2-3-18 ms-theme-default\" role=\"region\" aria-label=\"SECTION B\" data-height=\"300\" data-width=\"700\">\n    <div id=\"metaslider_container_3973\">\n        <div id=\"metaslider_3973\">\n            <ul class='slides'>\n                <li style=\"display: block; width: 100%;\" class=\"slide-4002 ms-image \" aria-roledescription=\"slide\" data-date=\"2021-11-22 17:55:58\" data-filename=\"CLDT_B_1.jpg\" data-slide-type=\"image\"><img loading=\"lazy\" decoding=\"async\" width=\"2560\" height=\"1440\" src=\"https:\/\/cldt.hr\/wp-content\/uploads\/2021\/11\/CLDT_B_1.jpg\" class=\"slider-3973 slide-4002 msDefaultImage ml-lightbox-enabled\" alt=\"\" rel=\"\" title=\"Croatian Long Distance Trail - Section B (1)\" srcset=\"https:\/\/cldt.hr\/wp-content\/uploads\/2021\/11\/CLDT_B_1.jpg 2560w, https:\/\/cldt.hr\/wp-content\/uploads\/2021\/11\/CLDT_B_1-300x169.jpg 300w, https:\/\/cldt.hr\/wp-content\/uploads\/2021\/11\/CLDT_B_1-1024x576.jpg 1024w, https:\/\/cldt.hr\/wp-content\/uploads\/2021\/11\/CLDT_B_1-768x432.jpg 768w, https:\/\/cldt.hr\/wp-content\/uploads\/2021\/11\/CLDT_B_1-1536x864.jpg 1536w, https:\/\/cldt.hr\/wp-content\/uploads\/2021\/11\/CLDT_B_1-2048x1152.jpg 2048w\" sizes=\"auto, (max-width: 2560px) 100vw, 2560px\" \/><\/li>\n                <li style=\"display: none; width: 100%;\" class=\"slide-4003 ms-image \" aria-roledescription=\"slide\" data-date=\"2021-11-22 17:55:58\" data-filename=\"CLDT_B_2.jpg\" data-slide-type=\"image\"><img loading=\"lazy\" decoding=\"async\" width=\"2560\" height=\"1440\" src=\"https:\/\/cldt.hr\/wp-content\/uploads\/2021\/11\/CLDT_B_2.jpg\" class=\"slider-3973 slide-4003 msDefaultImage ml-lightbox-enabled\" alt=\"\" rel=\"\" title=\"Croatian Long Distance Trail - Section B (2)\" srcset=\"https:\/\/cldt.hr\/wp-content\/uploads\/2021\/11\/CLDT_B_2.jpg 2560w, https:\/\/cldt.hr\/wp-content\/uploads\/2021\/11\/CLDT_B_2-300x169.jpg 300w, https:\/\/cldt.hr\/wp-content\/uploads\/2021\/11\/CLDT_B_2-1024x576.jpg 1024w, https:\/\/cldt.hr\/wp-content\/uploads\/2021\/11\/CLDT_B_2-768x432.jpg 768w, https:\/\/cldt.hr\/wp-content\/uploads\/2021\/11\/CLDT_B_2-1536x864.jpg 1536w, https:\/\/cldt.hr\/wp-content\/uploads\/2021\/11\/CLDT_B_2-2048x1152.jpg 2048w\" sizes=\"auto, (max-width: 2560px) 100vw, 2560px\" \/><\/li>\n                <li style=\"display: none; width: 100%;\" class=\"slide-4004 ms-image \" aria-roledescription=\"slide\" data-date=\"2021-11-22 17:55:58\" data-filename=\"CLDT_B_3.jpg\" data-slide-type=\"image\"><img loading=\"lazy\" decoding=\"async\" width=\"2560\" height=\"1440\" src=\"https:\/\/cldt.hr\/wp-content\/uploads\/2021\/11\/CLDT_B_3.jpg\" class=\"slider-3973 slide-4004 msDefaultImage ml-lightbox-enabled\" alt=\"\" rel=\"\" title=\"Croatian Long Distance Trail - Section B (3)\" srcset=\"https:\/\/cldt.hr\/wp-content\/uploads\/2021\/11\/CLDT_B_3.jpg 2560w, https:\/\/cldt.hr\/wp-content\/uploads\/2021\/11\/CLDT_B_3-300x169.jpg 300w, https:\/\/cldt.hr\/wp-content\/uploads\/2021\/11\/CLDT_B_3-1024x576.jpg 1024w, https:\/\/cldt.hr\/wp-content\/uploads\/2021\/11\/CLDT_B_3-768x432.jpg 768w, https:\/\/cldt.hr\/wp-content\/uploads\/2021\/11\/CLDT_B_3-1536x864.jpg 1536w, https:\/\/cldt.hr\/wp-content\/uploads\/2021\/11\/CLDT_B_3-2048x1152.jpg 2048w\" sizes=\"auto, (max-width: 2560px) 100vw, 2560px\" \/><\/li>\n                <li style=\"display: none; width: 100%;\" class=\"slide-4005 ms-image \" aria-roledescription=\"slide\" data-date=\"2021-11-22 17:55:58\" data-filename=\"CLDT_B_4.jpg\" data-slide-type=\"image\"><img loading=\"lazy\" decoding=\"async\" width=\"2560\" height=\"1440\" src=\"https:\/\/cldt.hr\/wp-content\/uploads\/2021\/11\/CLDT_B_4.jpg\" class=\"slider-3973 slide-4005 msDefaultImage ml-lightbox-enabled\" alt=\"\" rel=\"\" title=\"Croatian Long Distance Trail - Section B (4)\" srcset=\"https:\/\/cldt.hr\/wp-content\/uploads\/2021\/11\/CLDT_B_4.jpg 2560w, https:\/\/cldt.hr\/wp-content\/uploads\/2021\/11\/CLDT_B_4-300x169.jpg 300w, https:\/\/cldt.hr\/wp-content\/uploads\/2021\/11\/CLDT_B_4-1024x576.jpg 1024w, https:\/\/cldt.hr\/wp-content\/uploads\/2021\/11\/CLDT_B_4-768x432.jpg 768w, https:\/\/cldt.hr\/wp-content\/uploads\/2021\/11\/CLDT_B_4-1536x864.jpg 1536w, https:\/\/cldt.hr\/wp-content\/uploads\/2021\/11\/CLDT_B_4-2048x1152.jpg 2048w\" sizes=\"auto, (max-width: 2560px) 100vw, 2560px\" \/><\/li>\n                <li style=\"display: none; width: 100%;\" class=\"slide-4006 ms-image \" aria-roledescription=\"slide\" data-date=\"2021-11-22 17:55:58\" data-filename=\"CLDT_B_5.jpg\" data-slide-type=\"image\"><img loading=\"lazy\" decoding=\"async\" width=\"2560\" height=\"1440\" src=\"https:\/\/cldt.hr\/wp-content\/uploads\/2021\/11\/CLDT_B_5.jpg\" class=\"slider-3973 slide-4006 msDefaultImage ml-lightbox-enabled\" alt=\"\" rel=\"\" title=\"Croatian Long Distance Trail - Section B (5)\" srcset=\"https:\/\/cldt.hr\/wp-content\/uploads\/2021\/11\/CLDT_B_5.jpg 2560w, https:\/\/cldt.hr\/wp-content\/uploads\/2021\/11\/CLDT_B_5-300x169.jpg 300w, https:\/\/cldt.hr\/wp-content\/uploads\/2021\/11\/CLDT_B_5-1024x576.jpg 1024w, https:\/\/cldt.hr\/wp-content\/uploads\/2021\/11\/CLDT_B_5-768x432.jpg 768w, https:\/\/cldt.hr\/wp-content\/uploads\/2021\/11\/CLDT_B_5-1536x864.jpg 1536w, https:\/\/cldt.hr\/wp-content\/uploads\/2021\/11\/CLDT_B_5-2048x1152.jpg 2048w\" sizes=\"auto, (max-width: 2560px) 100vw, 2560px\" \/><\/li>\n                <li style=\"display: none; width: 100%;\" class=\"slide-4007 ms-image \" aria-roledescription=\"slide\" data-date=\"2021-11-22 17:55:58\" data-filename=\"CLDT_B_6.jpg\" data-slide-type=\"image\"><img loading=\"lazy\" decoding=\"async\" width=\"2560\" height=\"1440\" src=\"https:\/\/cldt.hr\/wp-content\/uploads\/2021\/11\/CLDT_B_6.jpg\" class=\"slider-3973 slide-4007 msDefaultImage ml-lightbox-enabled\" alt=\"\" rel=\"\" title=\"Croatian Long Distance Trail - Section B (6)\" srcset=\"https:\/\/cldt.hr\/wp-content\/uploads\/2021\/11\/CLDT_B_6.jpg 2560w, https:\/\/cldt.hr\/wp-content\/uploads\/2021\/11\/CLDT_B_6-300x169.jpg 300w, https:\/\/cldt.hr\/wp-content\/uploads\/2021\/11\/CLDT_B_6-1024x576.jpg 1024w, https:\/\/cldt.hr\/wp-content\/uploads\/2021\/11\/CLDT_B_6-768x432.jpg 768w, https:\/\/cldt.hr\/wp-content\/uploads\/2021\/11\/CLDT_B_6-1536x864.jpg 1536w, https:\/\/cldt.hr\/wp-content\/uploads\/2021\/11\/CLDT_B_6-2048x1152.jpg 2048w\" sizes=\"auto, (max-width: 2560px) 100vw, 2560px\" \/><\/li>\n                <li style=\"display: none; width: 100%;\" class=\"slide-4008 ms-image \" aria-roledescription=\"slide\" data-date=\"2021-11-22 17:55:58\" data-filename=\"CLDT_B_7.jpg\" data-slide-type=\"image\"><img loading=\"lazy\" decoding=\"async\" width=\"2560\" height=\"1440\" src=\"https:\/\/cldt.hr\/wp-content\/uploads\/2021\/11\/CLDT_B_7.jpg\" class=\"slider-3973 slide-4008 msDefaultImage ml-lightbox-enabled\" alt=\"\" rel=\"\" title=\"Croatian Long Distance Trail - Section B (7)\" srcset=\"https:\/\/cldt.hr\/wp-content\/uploads\/2021\/11\/CLDT_B_7.jpg 2560w, https:\/\/cldt.hr\/wp-content\/uploads\/2021\/11\/CLDT_B_7-300x169.jpg 300w, https:\/\/cldt.hr\/wp-content\/uploads\/2021\/11\/CLDT_B_7-1024x576.jpg 1024w, https:\/\/cldt.hr\/wp-content\/uploads\/2021\/11\/CLDT_B_7-768x432.jpg 768w, https:\/\/cldt.hr\/wp-content\/uploads\/2021\/11\/CLDT_B_7-1536x864.jpg 1536w, https:\/\/cldt.hr\/wp-content\/uploads\/2021\/11\/CLDT_B_7-2048x1152.jpg 2048w\" sizes=\"auto, (max-width: 2560px) 100vw, 2560px\" \/><\/li>\n                <li style=\"display: none; width: 100%;\" class=\"slide-4009 ms-image \" aria-roledescription=\"slide\" data-date=\"2021-11-22 17:55:58\" data-filename=\"CLDT_B_8.jpg\" data-slide-type=\"image\"><img loading=\"lazy\" decoding=\"async\" width=\"2560\" height=\"1440\" src=\"https:\/\/cldt.hr\/wp-content\/uploads\/2021\/11\/CLDT_B_8.jpg\" class=\"slider-3973 slide-4009 msDefaultImage ml-lightbox-enabled\" alt=\"\" rel=\"\" title=\"Croatian Long Distance Trail - Section B (8)\" srcset=\"https:\/\/cldt.hr\/wp-content\/uploads\/2021\/11\/CLDT_B_8.jpg 2560w, https:\/\/cldt.hr\/wp-content\/uploads\/2021\/11\/CLDT_B_8-300x169.jpg 300w, https:\/\/cldt.hr\/wp-content\/uploads\/2021\/11\/CLDT_B_8-1024x576.jpg 1024w, https:\/\/cldt.hr\/wp-content\/uploads\/2021\/11\/CLDT_B_8-768x432.jpg 768w, https:\/\/cldt.hr\/wp-content\/uploads\/2021\/11\/CLDT_B_8-1536x864.jpg 1536w, https:\/\/cldt.hr\/wp-content\/uploads\/2021\/11\/CLDT_B_8-2048x1152.jpg 2048w\" sizes=\"auto, (max-width: 2560px) 100vw, 2560px\" \/><\/li>\n                <li style=\"display: none; width: 100%;\" class=\"slide-4010 ms-image \" aria-roledescription=\"slide\" data-date=\"2021-11-22 17:55:58\" data-filename=\"CLDT_B_9.jpg\" data-slide-type=\"image\"><img loading=\"lazy\" decoding=\"async\" width=\"2560\" height=\"1440\" src=\"https:\/\/cldt.hr\/wp-content\/uploads\/2021\/11\/CLDT_B_9.jpg\" class=\"slider-3973 slide-4010 msDefaultImage ml-lightbox-enabled\" alt=\"\" rel=\"\" title=\"Croatian Long Distance Trail - Section B (9)\" srcset=\"https:\/\/cldt.hr\/wp-content\/uploads\/2021\/11\/CLDT_B_9.jpg 2560w, https:\/\/cldt.hr\/wp-content\/uploads\/2021\/11\/CLDT_B_9-300x169.jpg 300w, https:\/\/cldt.hr\/wp-content\/uploads\/2021\/11\/CLDT_B_9-1024x576.jpg 1024w, https:\/\/cldt.hr\/wp-content\/uploads\/2021\/11\/CLDT_B_9-768x432.jpg 768w, https:\/\/cldt.hr\/wp-content\/uploads\/2021\/11\/CLDT_B_9-1536x864.jpg 1536w, https:\/\/cldt.hr\/wp-content\/uploads\/2021\/11\/CLDT_B_9-2048x1152.jpg 2048w\" sizes=\"auto, (max-width: 2560px) 100vw, 2560px\" \/><\/li>\n            <\/ul>\n        <\/div>\n        \n    <\/div>\n<\/div>\r\n<p>[\/vc_column_text][\/vc_column][\/vc_row]<\/p><\/div>","protected":false},"excerpt":{"rendered":"<p>[vc_row][vc_column][vc_column_text] Sveti Martin na Muri \u2013 Savudrija ~565,5 KM | ~9,2 KM D+ | ~24 DAYS From the northernmost point the hiking route turns south and through Me\u0111imurje, next to \u010cakovec \u2013 the town of the Zrinskis, it goes to Vara\u017edin from where it goes over Ravna Gora to the Trako\u0161\u0107an castle and down the [&hellip;]<\/p>\n","protected":false},"author":1,"featured_media":3444,"parent":3813,"menu_order":1,"comment_status":"closed","ping_status":"closed","template":"","meta":{"_acf_changed":false,"_lmt_disableupdate":"","_lmt_disable":"","_monsterinsights_skip_tracking":false,"_monsterinsights_sitenote_active":false,"_monsterinsights_sitenote_note":"","_monsterinsights_sitenote_category":0,"footnotes":""},"class_list":["post-3817","page","type-page","status-publish","has-post-thumbnail","hentry"],"acf":[],"_links":{"self":[{"href":"https:\/\/cldt.hr\/en\/wp-json\/wp\/v2\/pages\/3817","targetHints":{"allow":["GET"]}}],"collection":[{"href":"https:\/\/cldt.hr\/en\/wp-json\/wp\/v2\/pages"}],"about":[{"href":"https:\/\/cldt.hr\/en\/wp-json\/wp\/v2\/types\/page"}],"author":[{"embeddable":true,"href":"https:\/\/cldt.hr\/en\/wp-json\/wp\/v2\/users\/1"}],"replies":[{"embeddable":true,"href":"https:\/\/cldt.hr\/en\/wp-json\/wp\/v2\/comments?post=3817"}],"version-history":[{"count":5,"href":"https:\/\/cldt.hr\/en\/wp-json\/wp\/v2\/pages\/3817\/revisions"}],"predecessor-version":[{"id":4012,"href":"https:\/\/cldt.hr\/en\/wp-json\/wp\/v2\/pages\/3817\/revisions\/4012"}],"up":[{"embeddable":true,"href":"https:\/\/cldt.hr\/en\/wp-json\/wp\/v2\/pages\/3813"}],"wp:featuredmedia":[{"embeddable":true,"href":"https:\/\/cldt.hr\/en\/wp-json\/wp\/v2\/media\/3444"}],"wp:attachment":[{"href":"https:\/\/cldt.hr\/en\/wp-json\/wp\/v2\/media?parent=3817"}],"curies":[{"name":"wp","href":"https:\/\/api.w.org\/{rel}","templated":true}]}}