{"id":3815,"date":"2021-04-27T17:47:37","date_gmt":"2021-04-27T16:47:37","guid":{"rendered":"https:\/\/cldt.hr\/?page_id=3815"},"modified":"2021-11-22T17:18:09","modified_gmt":"2021-11-22T16:18:09","slug":"a","status":"publish","type":"page","link":"https:\/\/cldt.hr\/en\/trail\/sections\/a\/","title":{"rendered":"Section A"},"content":{"rendered":"<div class=\"wpb-content-wrapper\"><p>[vc_row][vc_column][vc_column_text]<\/p>\r\n<figure class=\"wp-block-pullquote\">\r\n<blockquote>\r\n<p>Ilok \u2013 Sveti Martin na Muri<\/p>\r\n<p><cite>~576 km | ~23,9 Km D+ | ~23 days<\/cite><\/p>\r\n<\/blockquote>\r\n<\/figure>\r\n<p><br \/>\r\nThis section is low-lying, there are not many uphill slopes, nevertheless with its golden fields, rural areas and local delicacies it certainly draws attention. The A section is ideal for building strength and condition, and it is not so physically demanding, but care should be taken in choosing the time of year to walk due to the high summer temperatures. In this part the trail often passes by villages and towns, therefore it is not necessary to carry much food in your backpack, which is certainly an advantage for hikers who are just beginning to hike and who have not yet developed tolerance to heavy backpacks. Along with Ilok and Na\u0161ice hikers on this section will visit Bapska, Lovas, Vukovar, Osijek, Beli Manastir, Beli\u0161\u0107e\/Valpovo plus a number of picturesque villages with very kind local people, as well as some well-known sites such as the Danube, Ov\u010dara, the Eltz Manor, Kopa\u010dki Rit and so on. Passing down this part of section A at an average of 25 km per day, it can be walked in ten days.<\/p>\r\n<p><br \/>\r\n<\/p>\r\n<figure class=\"wp-block-image size-large\"><img loading=\"lazy\" decoding=\"async\" width=\"1024\" height=\"512\" class=\"wp-image-3823\" src=\"https:\/\/cldt.hr\/wp-content\/uploads\/2021\/04\/cldt-section-a-2-1024x512.jpg\" alt=\"CLDT Section A\" srcset=\"https:\/\/cldt.hr\/wp-content\/uploads\/2021\/04\/cldt-section-a-2-1024x512.jpg 1024w, https:\/\/cldt.hr\/wp-content\/uploads\/2021\/04\/cldt-section-a-2-300x150.jpg 300w, https:\/\/cldt.hr\/wp-content\/uploads\/2021\/04\/cldt-section-a-2-768x384.jpg 768w, https:\/\/cldt.hr\/wp-content\/uploads\/2021\/04\/cldt-section-a-2.jpg 1140w\" sizes=\"auto, (max-width: 1024px) 100vw, 1024px\" \/><\/figure>\r\n<p><br \/>\r\nPapuk is the first mountain which the CLDT passes while Na\u0161ice is an ideal town for supplies before the mountainous part. The vast forests, forest animals, fresh air and cold water are sufficient reasons for the attractiveness of this section. Papuk is not a very high mountain, but nevertheless, it is demanding enough to make the average hiker sweat. The hiking trails in this section are quite developed, and so getting around in this area is made easier by the excellent markings. Four days are necessary for the average hiker to finish this short part.<\/p>\r\n<p><br \/>\r\n<\/p>\r\n<figure class=\"wp-block-image size-large\"><img loading=\"lazy\" decoding=\"async\" width=\"1024\" height=\"512\" class=\"wp-image-3825\" src=\"https:\/\/cldt.hr\/wp-content\/uploads\/2021\/04\/cldt-section-a-3-1024x512.jpg\" alt=\"\" srcset=\"https:\/\/cldt.hr\/wp-content\/uploads\/2021\/04\/cldt-section-a-3-1024x512.jpg 1024w, https:\/\/cldt.hr\/wp-content\/uploads\/2021\/04\/cldt-section-a-3-300x150.jpg 300w, https:\/\/cldt.hr\/wp-content\/uploads\/2021\/04\/cldt-section-a-3-768x384.jpg 768w, https:\/\/cldt.hr\/wp-content\/uploads\/2021\/04\/cldt-section-a-3.jpg 1140w\" sizes=\"auto, (max-width: 1024px) 100vw, 1024px\" \/><\/figure>\r\n<p><br \/>\r\nFrom one mountain to another \u2013 from Papuk to Bilogora, and then to a third \u2013 Kalnik. Three pearls that offer hikers an insight into the real nature of continental Croatia. The mountains are similar, but also different and each has its own charms. The A3 section winds along the towns of Virovitica, Koprivnica, Ludbreg &#8211; the famous centre of the world and Prelog. Podravina and Me\u0111imurje are culturally and food-wise extremely rich regions, and hikers will be able to experience this at first hand, all the way to Sveti Martin na Muri \u2013 the northernmost point of the Republic of Croatia. This section is the most difficult bit for hikers of section A, in particular, we refer to Kalnik which has quite steep paths. However, once you conquer Kalnik, there is no end to the satisfaction. The average hiker can walk this part of section A in ten days.<\/p>\r\n<p><br \/>\r\n[\/vc_column_text][\/vc_column][\/vc_row][vc_row][vc_column][vc_column_text]<\/p>\r\n<h3>Image Gallery<\/h3>\r\n<div id=\"metaslider-id-3960\" style=\"width: 100%; margin: 0 auto;\" class=\"ml-slider-3-106-0 metaslider metaslider-flex metaslider-3960 ml-slider has-dots-nav ml-slider-lightbox-2-22-0 firelight-lightbox-2-3-18 ms-theme-default\" role=\"region\" aria-label=\"SECTION A\" data-height=\"300\" data-width=\"700\">\n    <div id=\"metaslider_container_3960\">\n        <div id=\"metaslider_3960\">\n            <ul class='slides'>\n                <li style=\"display: block; width: 100%;\" class=\"slide-3961 ms-image \" aria-roledescription=\"slide\" data-date=\"2021-11-22 17:08:59\" data-filename=\"CLDT_A_1.jpg\" data-slide-type=\"image\"><img loading=\"lazy\" decoding=\"async\" width=\"2560\" height=\"1440\" src=\"https:\/\/cldt.hr\/wp-content\/uploads\/2021\/11\/CLDT_A_1.jpg\" class=\"slider-3960 slide-3961 msDefaultImage ml-lightbox-enabled\" alt=\"\" rel=\"\" title=\"Croatian Long Distance Trail - Section A (1)\" srcset=\"https:\/\/cldt.hr\/wp-content\/uploads\/2021\/11\/CLDT_A_1.jpg 2560w, https:\/\/cldt.hr\/wp-content\/uploads\/2021\/11\/CLDT_A_1-300x169.jpg 300w, https:\/\/cldt.hr\/wp-content\/uploads\/2021\/11\/CLDT_A_1-1024x576.jpg 1024w, https:\/\/cldt.hr\/wp-content\/uploads\/2021\/11\/CLDT_A_1-768x432.jpg 768w, https:\/\/cldt.hr\/wp-content\/uploads\/2021\/11\/CLDT_A_1-1536x864.jpg 1536w, https:\/\/cldt.hr\/wp-content\/uploads\/2021\/11\/CLDT_A_1-2048x1152.jpg 2048w\" sizes=\"auto, (max-width: 2560px) 100vw, 2560px\" \/><\/li>\n                <li style=\"display: none; width: 100%;\" class=\"slide-3969 ms-image \" aria-roledescription=\"slide\" data-date=\"2021-11-22 17:08:59\" data-filename=\"CLDT_A_2.jpg\" data-slide-type=\"image\"><img loading=\"lazy\" decoding=\"async\" width=\"2560\" height=\"1440\" src=\"https:\/\/cldt.hr\/wp-content\/uploads\/2021\/11\/CLDT_A_2.jpg\" class=\"slider-3960 slide-3969 msDefaultImage ml-lightbox-enabled\" alt=\"\" rel=\"\" title=\"Croatian Long Distance Trail - Section A (2)\" srcset=\"https:\/\/cldt.hr\/wp-content\/uploads\/2021\/11\/CLDT_A_2.jpg 2560w, https:\/\/cldt.hr\/wp-content\/uploads\/2021\/11\/CLDT_A_2-300x169.jpg 300w, https:\/\/cldt.hr\/wp-content\/uploads\/2021\/11\/CLDT_A_2-1024x576.jpg 1024w, https:\/\/cldt.hr\/wp-content\/uploads\/2021\/11\/CLDT_A_2-768x432.jpg 768w, https:\/\/cldt.hr\/wp-content\/uploads\/2021\/11\/CLDT_A_2-1536x864.jpg 1536w, https:\/\/cldt.hr\/wp-content\/uploads\/2021\/11\/CLDT_A_2-2048x1152.jpg 2048w\" sizes=\"auto, (max-width: 2560px) 100vw, 2560px\" \/><\/li>\n                <li style=\"display: none; width: 100%;\" class=\"slide-3968 ms-image \" aria-roledescription=\"slide\" data-date=\"2021-11-22 17:08:59\" data-filename=\"CLDT_A_3.jpg\" data-slide-type=\"image\"><img loading=\"lazy\" decoding=\"async\" width=\"2560\" height=\"1440\" src=\"https:\/\/cldt.hr\/wp-content\/uploads\/2021\/11\/CLDT_A_3.jpg\" class=\"slider-3960 slide-3968 msDefaultImage ml-lightbox-enabled\" alt=\"\" rel=\"\" title=\"Croatian Long Distance Trail - Section A (3)\" srcset=\"https:\/\/cldt.hr\/wp-content\/uploads\/2021\/11\/CLDT_A_3.jpg 2560w, https:\/\/cldt.hr\/wp-content\/uploads\/2021\/11\/CLDT_A_3-300x169.jpg 300w, https:\/\/cldt.hr\/wp-content\/uploads\/2021\/11\/CLDT_A_3-1024x576.jpg 1024w, https:\/\/cldt.hr\/wp-content\/uploads\/2021\/11\/CLDT_A_3-768x432.jpg 768w, https:\/\/cldt.hr\/wp-content\/uploads\/2021\/11\/CLDT_A_3-1536x864.jpg 1536w, https:\/\/cldt.hr\/wp-content\/uploads\/2021\/11\/CLDT_A_3-2048x1152.jpg 2048w\" sizes=\"auto, (max-width: 2560px) 100vw, 2560px\" \/><\/li>\n                <li style=\"display: none; width: 100%;\" class=\"slide-3967 ms-image \" aria-roledescription=\"slide\" data-date=\"2021-11-22 17:08:59\" data-filename=\"CLDT_A_4.jpg\" data-slide-type=\"image\"><img loading=\"lazy\" decoding=\"async\" width=\"2560\" height=\"1440\" src=\"https:\/\/cldt.hr\/wp-content\/uploads\/2021\/11\/CLDT_A_4.jpg\" class=\"slider-3960 slide-3967 msDefaultImage ml-lightbox-enabled\" alt=\"\" rel=\"\" title=\"Croatian Long Distance Trail - Section A (4)\" srcset=\"https:\/\/cldt.hr\/wp-content\/uploads\/2021\/11\/CLDT_A_4.jpg 2560w, https:\/\/cldt.hr\/wp-content\/uploads\/2021\/11\/CLDT_A_4-300x169.jpg 300w, https:\/\/cldt.hr\/wp-content\/uploads\/2021\/11\/CLDT_A_4-1024x576.jpg 1024w, https:\/\/cldt.hr\/wp-content\/uploads\/2021\/11\/CLDT_A_4-768x432.jpg 768w, https:\/\/cldt.hr\/wp-content\/uploads\/2021\/11\/CLDT_A_4-1536x864.jpg 1536w, https:\/\/cldt.hr\/wp-content\/uploads\/2021\/11\/CLDT_A_4-2048x1152.jpg 2048w\" sizes=\"auto, (max-width: 2560px) 100vw, 2560px\" \/><\/li>\n                <li style=\"display: none; width: 100%;\" class=\"slide-3966 ms-image \" aria-roledescription=\"slide\" data-date=\"2021-11-22 17:08:59\" data-filename=\"CLDT_A_5.jpg\" data-slide-type=\"image\"><img loading=\"lazy\" decoding=\"async\" width=\"2560\" height=\"1440\" src=\"https:\/\/cldt.hr\/wp-content\/uploads\/2021\/11\/CLDT_A_5.jpg\" class=\"slider-3960 slide-3966 msDefaultImage ml-lightbox-enabled\" alt=\"\" rel=\"\" title=\"Croatian Long Distance Trail - Section A (5)\" srcset=\"https:\/\/cldt.hr\/wp-content\/uploads\/2021\/11\/CLDT_A_5.jpg 2560w, https:\/\/cldt.hr\/wp-content\/uploads\/2021\/11\/CLDT_A_5-300x169.jpg 300w, https:\/\/cldt.hr\/wp-content\/uploads\/2021\/11\/CLDT_A_5-1024x576.jpg 1024w, https:\/\/cldt.hr\/wp-content\/uploads\/2021\/11\/CLDT_A_5-768x432.jpg 768w, https:\/\/cldt.hr\/wp-content\/uploads\/2021\/11\/CLDT_A_5-1536x864.jpg 1536w, https:\/\/cldt.hr\/wp-content\/uploads\/2021\/11\/CLDT_A_5-2048x1152.jpg 2048w\" sizes=\"auto, (max-width: 2560px) 100vw, 2560px\" \/><\/li>\n                <li style=\"display: none; width: 100%;\" class=\"slide-3965 ms-image \" aria-roledescription=\"slide\" data-date=\"2021-11-22 17:08:59\" data-filename=\"CLDT_A_6.jpg\" data-slide-type=\"image\"><img loading=\"lazy\" decoding=\"async\" width=\"2560\" height=\"1440\" src=\"https:\/\/cldt.hr\/wp-content\/uploads\/2021\/11\/CLDT_A_6.jpg\" class=\"slider-3960 slide-3965 msDefaultImage ml-lightbox-enabled\" alt=\"\" rel=\"\" title=\"Croatian Long Distance Trail - Section A (6)\" srcset=\"https:\/\/cldt.hr\/wp-content\/uploads\/2021\/11\/CLDT_A_6.jpg 2560w, https:\/\/cldt.hr\/wp-content\/uploads\/2021\/11\/CLDT_A_6-300x169.jpg 300w, https:\/\/cldt.hr\/wp-content\/uploads\/2021\/11\/CLDT_A_6-1024x576.jpg 1024w, https:\/\/cldt.hr\/wp-content\/uploads\/2021\/11\/CLDT_A_6-768x432.jpg 768w, https:\/\/cldt.hr\/wp-content\/uploads\/2021\/11\/CLDT_A_6-1536x864.jpg 1536w, https:\/\/cldt.hr\/wp-content\/uploads\/2021\/11\/CLDT_A_6-2048x1152.jpg 2048w\" sizes=\"auto, (max-width: 2560px) 100vw, 2560px\" \/><\/li>\n                <li style=\"display: none; width: 100%;\" class=\"slide-3964 ms-image \" aria-roledescription=\"slide\" data-date=\"2021-11-22 17:08:59\" data-filename=\"CLDT_A_7.jpg\" data-slide-type=\"image\"><img loading=\"lazy\" decoding=\"async\" width=\"2560\" height=\"1440\" src=\"https:\/\/cldt.hr\/wp-content\/uploads\/2021\/11\/CLDT_A_7.jpg\" class=\"slider-3960 slide-3964 msDefaultImage ml-lightbox-enabled\" alt=\"\" rel=\"\" title=\"Croatian Long Distance Trail - Section A (7)\" srcset=\"https:\/\/cldt.hr\/wp-content\/uploads\/2021\/11\/CLDT_A_7.jpg 2560w, https:\/\/cldt.hr\/wp-content\/uploads\/2021\/11\/CLDT_A_7-300x169.jpg 300w, https:\/\/cldt.hr\/wp-content\/uploads\/2021\/11\/CLDT_A_7-1024x576.jpg 1024w, https:\/\/cldt.hr\/wp-content\/uploads\/2021\/11\/CLDT_A_7-768x432.jpg 768w, https:\/\/cldt.hr\/wp-content\/uploads\/2021\/11\/CLDT_A_7-1536x864.jpg 1536w, https:\/\/cldt.hr\/wp-content\/uploads\/2021\/11\/CLDT_A_7-2048x1152.jpg 2048w\" sizes=\"auto, (max-width: 2560px) 100vw, 2560px\" \/><\/li>\n                <li style=\"display: none; width: 100%;\" class=\"slide-3963 ms-image \" aria-roledescription=\"slide\" data-date=\"2021-11-22 17:08:59\" data-filename=\"CLDT_A_8.jpg\" data-slide-type=\"image\"><img loading=\"lazy\" decoding=\"async\" width=\"2560\" height=\"1440\" src=\"https:\/\/cldt.hr\/wp-content\/uploads\/2021\/11\/CLDT_A_8.jpg\" class=\"slider-3960 slide-3963 msDefaultImage ml-lightbox-enabled\" alt=\"\" rel=\"\" title=\"Croatian Long Distance Trail - Section A (8)\" srcset=\"https:\/\/cldt.hr\/wp-content\/uploads\/2021\/11\/CLDT_A_8.jpg 2560w, https:\/\/cldt.hr\/wp-content\/uploads\/2021\/11\/CLDT_A_8-300x169.jpg 300w, https:\/\/cldt.hr\/wp-content\/uploads\/2021\/11\/CLDT_A_8-1024x576.jpg 1024w, https:\/\/cldt.hr\/wp-content\/uploads\/2021\/11\/CLDT_A_8-768x432.jpg 768w, https:\/\/cldt.hr\/wp-content\/uploads\/2021\/11\/CLDT_A_8-1536x864.jpg 1536w, https:\/\/cldt.hr\/wp-content\/uploads\/2021\/11\/CLDT_A_8-2048x1152.jpg 2048w\" sizes=\"auto, (max-width: 2560px) 100vw, 2560px\" \/><\/li>\n                <li style=\"display: none; width: 100%;\" class=\"slide-3962 ms-image \" aria-roledescription=\"slide\" data-date=\"2021-11-22 17:08:59\" data-filename=\"CLDT_A_9.jpg\" data-slide-type=\"image\"><img loading=\"lazy\" decoding=\"async\" width=\"2560\" height=\"1440\" src=\"https:\/\/cldt.hr\/wp-content\/uploads\/2021\/11\/CLDT_A_9.jpg\" class=\"slider-3960 slide-3962 msDefaultImage ml-lightbox-enabled\" alt=\"\" rel=\"\" title=\"Croatian Long Distance Trail - Section A (9)\" srcset=\"https:\/\/cldt.hr\/wp-content\/uploads\/2021\/11\/CLDT_A_9.jpg 2560w, https:\/\/cldt.hr\/wp-content\/uploads\/2021\/11\/CLDT_A_9-300x169.jpg 300w, https:\/\/cldt.hr\/wp-content\/uploads\/2021\/11\/CLDT_A_9-1024x576.jpg 1024w, https:\/\/cldt.hr\/wp-content\/uploads\/2021\/11\/CLDT_A_9-768x432.jpg 768w, https:\/\/cldt.hr\/wp-content\/uploads\/2021\/11\/CLDT_A_9-1536x864.jpg 1536w, https:\/\/cldt.hr\/wp-content\/uploads\/2021\/11\/CLDT_A_9-2048x1152.jpg 2048w\" sizes=\"auto, (max-width: 2560px) 100vw, 2560px\" \/><\/li>\n            <\/ul>\n        <\/div>\n        \n    <\/div>\n<\/div>\r\n<p>[\/vc_column_text][\/vc_column][\/vc_row]<\/p><\/div>","protected":false},"excerpt":{"rendered":"<p>[vc_row][vc_column][vc_column_text] Ilok \u2013 Sveti Martin na Muri ~576 km | ~23,9 Km D+ | ~23 days This section is low-lying, there are not many uphill slopes, nevertheless with its golden fields, rural areas and local delicacies it certainly draws attention. The A section is ideal for building strength and condition, and it is not so [&hellip;]<\/p>\n","protected":false},"author":1,"featured_media":3356,"parent":3813,"menu_order":0,"comment_status":"closed","ping_status":"closed","template":"","meta":{"_acf_changed":false,"_lmt_disableupdate":"","_lmt_disable":"","_monsterinsights_skip_tracking":false,"_monsterinsights_sitenote_active":false,"_monsterinsights_sitenote_note":"","_monsterinsights_sitenote_category":0,"footnotes":""},"class_list":["post-3815","page","type-page","status-publish","has-post-thumbnail","hentry"],"acf":[],"_links":{"self":[{"href":"https:\/\/cldt.hr\/en\/wp-json\/wp\/v2\/pages\/3815","targetHints":{"allow":["GET"]}}],"collection":[{"href":"https:\/\/cldt.hr\/en\/wp-json\/wp\/v2\/pages"}],"about":[{"href":"https:\/\/cldt.hr\/en\/wp-json\/wp\/v2\/types\/page"}],"author":[{"embeddable":true,"href":"https:\/\/cldt.hr\/en\/wp-json\/wp\/v2\/users\/1"}],"replies":[{"embeddable":true,"href":"https:\/\/cldt.hr\/en\/wp-json\/wp\/v2\/comments?post=3815"}],"version-history":[{"count":18,"href":"https:\/\/cldt.hr\/en\/wp-json\/wp\/v2\/pages\/3815\/revisions"}],"predecessor-version":[{"id":3972,"href":"https:\/\/cldt.hr\/en\/wp-json\/wp\/v2\/pages\/3815\/revisions\/3972"}],"up":[{"embeddable":true,"href":"https:\/\/cldt.hr\/en\/wp-json\/wp\/v2\/pages\/3813"}],"wp:featuredmedia":[{"embeddable":true,"href":"https:\/\/cldt.hr\/en\/wp-json\/wp\/v2\/media\/3356"}],"wp:attachment":[{"href":"https:\/\/cldt.hr\/en\/wp-json\/wp\/v2\/media?parent=3815"}],"curies":[{"name":"wp","href":"https:\/\/api.w.org\/{rel}","templated":true}]}}