{"id":2442,"date":"2016-03-10T21:31:09","date_gmt":"2016-03-10T19:31:09","guid":{"rendered":"http:\/\/cldt.hr\/opcenito\/"},"modified":"2022-03-08T19:39:31","modified_gmt":"2022-03-08T18:39:31","slug":"about-us","status":"publish","type":"page","link":"https:\/\/cldt.hr\/en\/about-us\/","title":{"rendered":"About us"},"content":{"rendered":"\n<div class=\"wp-block-image\"><figure class=\"aligncenter size-medium\"><img loading=\"lazy\" decoding=\"async\" width=\"295\" height=\"300\" src=\"https:\/\/cldt.hr\/wp-content\/uploads\/2019\/04\/cldt-emblem-295x300.png\" alt=\"\" class=\"wp-image-3366\" title=\"CLDT\" srcset=\"https:\/\/cldt.hr\/wp-content\/uploads\/2019\/04\/cldt-emblem-295x300.png 295w, https:\/\/cldt.hr\/wp-content\/uploads\/2019\/04\/cldt-emblem-768x780.png 768w, https:\/\/cldt.hr\/wp-content\/uploads\/2019\/04\/cldt-emblem-1008x1024.png 1008w, https:\/\/cldt.hr\/wp-content\/uploads\/2019\/04\/cldt-emblem-59x59.png 59w, https:\/\/cldt.hr\/wp-content\/uploads\/2019\/04\/cldt-emblem.png 2016w\" sizes=\"auto, (max-width: 295px) 100vw, 295px\" \/><\/figure><\/div>\n\n\n\n<div style=\"height:20px\" aria-hidden=\"true\" class=\"wp-block-spacer\"><\/div>\n\n\n\n<p>We are Croatian Long Distance Trail Association and efforts to create, build, waymark and keep alive the Croatian Long Distance Trail is the essence of our existence as an association. Although coming from different parts of Croatia we are tied together with a common string that resonates within our beings &#8211; love towards mountains, nature of our beautiful planet Earth.<\/p>\n\n\n\n<p>We are putting our efforts together into something that will become a pledge for future generations \u2013 for generations already in peril of losing the wilderness forever \u2013 <strong>Croatian Long Distance Trail<\/strong> \u2013 over 2000 km long uninterrupted mountain-hiking trail.<\/p>\n\n\n\n<div style=\"height:40px\" aria-hidden=\"true\" class=\"wp-block-spacer\"><\/div>\n\n\n\n<h2 class=\"wp-block-heading\" id=\"our-work\"><strong>Our work<\/strong><\/h2>\n\n\n\n<ul class=\"wp-block-list\"><li>maintaining the trail<\/li><li>curation, promotion and education regarding the information about the trail<\/li><li>building a strong trail community<\/li><li>development of rural tourism in beautiful Croatia<\/li><li>promotion of Croatian natural and cultural heritage<\/li><li>promotion of outdoor activities<\/li><li>development of Croatian national hiking&nbsp;trail system<\/li><li>development of long distance hiking community in Croatia<\/li><\/ul>\n\n\n\n<div style=\"height:40px\" aria-hidden=\"true\" class=\"wp-block-spacer\"><\/div>\n\n\n\n<h2 class=\"wp-block-heading\" id=\"mission-vision-values\"><strong>Mission, Vision &amp; Values<\/strong><\/h2>\n\n\n\n<p>If the landscape is the body of the trail then people are it&#8217;s heart and soul. CLDTA is group of individuals with common wish to create a hiking trail all across Croatia and make possible to thru-hike Croatia in one single push. United in that vision under the banner of the CLDT association came into being . Our mission is to create a strong CLDT community and the trail that will be maintained for generations to come &#8211; to give future generations an opportunity&nbsp;to explore natural and cultural heritage of our beautiful country and knowledge to follow Leave No Trace values to minimize their impact on natural environment&nbsp;in Croatian backcountry.<\/p>\n\n\n\n<p>CLDT belongs to all citizens. Through&nbsp;volunteerism and philanthropy&nbsp;individuals can invest in the programs that keep the trail accessible&nbsp;for generations of hikers to come. We could not achieve our mission without the generosity, commitment and philanthropic support of our volunteers, members and donors who share the same values.<\/p>\n\n\n\n<div style=\"height:40px\" aria-hidden=\"true\" class=\"wp-block-spacer\"><\/div>\n\n\n\n<h2 class=\"wp-block-heading\" id=\"our-team\"><strong>Our team<\/strong><\/h2>\n\n\n\n\r\n\t<div id='team-section' class='container-fluid no-padding team-section '>\r\n\t\t<div class='section-padding'><\/div>\r\n\t\t<div class='container'>\r\n\t\t\t<!--<div class='section-header'>\r\n\t\t\t\t<h3>Our members<\/h3>\r\n\t\t\t<\/div>-->\r\n\t\t\t<div class='row'>\r\n\t\t\t\t\r\n\t\t<div class='col '>\r\n\t\t\t<div class='team-box'>\r\n\t\t\t\t<div class='img-box'>\r\n\t\t\t\t\t<img loading=\"lazy\" decoding=\"async\" width=\"270\" height=\"351\" src=\"https:\/\/cldt.hr\/wp-content\/uploads\/2021\/04\/nikola-horvat-270x351.jpg\" class=\"attachment-maxigen-270-351 size-maxigen-270-351\" alt=\"\" \/>\r\n\t\t\t\t\t<div id='team_shape-1' class='team-shape'>\r\n\t\t\t\t\t\t<svg width='100%' height='100%'>\r\n\t\t\t\t\t\t\t<clipPath id='team-1' clipPathUnits='objectBoundingBox'>\r\n\t\t\t\t\t\t\t\t<polygon points='0 0, 0 1, 1 0.93, 0 0'><\/polygon>\r\n\t\t\t\t\t\t\t<\/clipPath>\r\n\t\t\t\t\t\t<\/svg>\r\n\t\t\t\t\t<\/div>\r\n\t\t\t\t\t<div class='team-hover-box'>\r\n\t\t\t\t\t\t<ul>\r\n\t\t\t\t\t\t\t<li><a href=''><i class='fa fa-facebook'><\/i><\/a><\/li>\t\t\t\t\t\t\r\n\t\t\t\t\t\t\t<li><a href=''><i class='fa fa-twitter'><\/i><\/a><\/li>\r\n\t\t\t\t\t\t\t<li><a href=''><i class='fa fa-instagram'><\/i><\/a><\/li>\r\n\t\t\t\t\t\t<\/ul>\r\n\t\t\t\t\t\t<p>Theology Master and first Croatian thru hiker who hiked the famous Pacific Crest Trail in 2016 thus becoming the first Croat who managed to \u201ckick-it\u201d. First CLDT thru-hiker (class of 2018).<\/p>\r\n\t\t\t\t\t<\/div>\r\n\t\t\t\t<\/div>\r\n\t\t\t\t<h3>nikola horvat<\/h3>\r\n\t\t\t\t<p>Association president<\/p>\r\n\t\t\t<\/div>\r\n\t\t<\/div>\r\n\t\t<div class='col '>\r\n\t\t\t<div class='team-box'>\r\n\t\t\t\t<div class='img-box'>\r\n\t\t\t\t\t<img loading=\"lazy\" decoding=\"async\" width=\"270\" height=\"351\" src=\"https:\/\/cldt.hr\/wp-content\/uploads\/2021\/04\/tihomir-klement-270x351.jpg\" class=\"attachment-maxigen-270-351 size-maxigen-270-351\" alt=\"\" \/>\r\n\t\t\t\t\t<div id='team_shape-2' class='team-shape'>\r\n\t\t\t\t\t\t<svg width='100%' height='100%'>\r\n\t\t\t\t\t\t\t<clipPath id='team-2' clipPathUnits='objectBoundingBox'>\r\n\t\t\t\t\t\t\t\t<polygon points='0 0, 0 1, 1 0.93, 0 0'><\/polygon>\r\n\t\t\t\t\t\t\t<\/clipPath>\r\n\t\t\t\t\t\t<\/svg>\r\n\t\t\t\t\t<\/div>\r\n\t\t\t\t\t<div class='team-hover-box'>\r\n\t\t\t\t\t\t<ul>\r\n\t\t\t\t\t\t\t<li><a href=''><i class='fa fa-facebook'><\/i><\/a><\/li>\t\t\t\t\t\t\r\n\t\t\t\t\t\t\t<li><a href=''><i class='fa fa-twitter'><\/i><\/a><\/li>\r\n\t\t\t\t\t\t\t<li><a href=''><i class='fa fa-instagram'><\/i><\/a><\/li>\r\n\t\t\t\t\t\t<\/ul>\r\n\t\t\t\t\t\t<p>Entrepreneur, owner of publicity agency Lakota Ltd. Admirer of nature and open space. Has extended experience in organizing state and European sports events and tournaments.<\/p>\r\n\t\t\t\t\t<\/div>\r\n\t\t\t\t<\/div>\r\n\t\t\t\t<h3>tihomir klement<\/h3>\r\n\t\t\t\t<p>Volunteers coordinator<\/p>\r\n\t\t\t<\/div>\r\n\t\t<\/div>\r\n\t\t<div class='col '>\r\n\t\t\t<div class='team-box'>\r\n\t\t\t\t<div class='img-box'>\r\n\t\t\t\t\t<img loading=\"lazy\" decoding=\"async\" width=\"270\" height=\"351\" src=\"https:\/\/cldt.hr\/wp-content\/uploads\/2021\/04\/boris-davcev-270x351.jpg\" class=\"attachment-maxigen-270-351 size-maxigen-270-351\" alt=\"\" \/>\r\n\t\t\t\t\t<div id='team_shape-3' class='team-shape'>\r\n\t\t\t\t\t\t<svg width='100%' height='100%'>\r\n\t\t\t\t\t\t\t<clipPath id='team-3' clipPathUnits='objectBoundingBox'>\r\n\t\t\t\t\t\t\t\t<polygon points='0 0, 0 1, 1 0.93, 0 0'><\/polygon>\r\n\t\t\t\t\t\t\t<\/clipPath>\r\n\t\t\t\t\t\t<\/svg>\r\n\t\t\t\t\t<\/div>\r\n\t\t\t\t\t<div class='team-hover-box'>\r\n\t\t\t\t\t\t<ul>\r\n\t\t\t\t\t\t\t<li><a href=''><i class='fa fa-facebook'><\/i><\/a><\/li>\t\t\t\t\t\t\r\n\t\t\t\t\t\t\t<li><a href=''><i class='fa fa-twitter'><\/i><\/a><\/li>\r\n\t\t\t\t\t\t\t<li><a href=''><i class='fa fa-instagram'><\/i><\/a><\/li>\r\n\t\t\t\t\t\t<\/ul>\r\n\t\t\t\t\t\t<p>Mountaineer for years, and a very good connoisseur of Croatian Mountain regions. Specialized in building and maintenance of mountain trails, leader of Samobor Scout Trail and licensed trail marker of Croatian Mountaineering Association.<\/p>\r\n\t\t\t\t\t<\/div>\r\n\t\t\t\t<\/div>\r\n\t\t\t\t<h3>boris dav\u010dev bimbo<\/h3>\r\n\t\t\t\t<p>Trail builder and trailblazer<\/p>\r\n\t\t\t<\/div>\r\n\t\t<\/div>\r\n\t\t<div class='col '>\r\n\t\t\t<div class='team-box'>\r\n\t\t\t\t<div class='img-box'>\r\n\t\t\t\t\t<img loading=\"lazy\" decoding=\"async\" width=\"270\" height=\"351\" src=\"https:\/\/cldt.hr\/wp-content\/uploads\/2021\/04\/milan-grzan-270x351.jpg\" class=\"attachment-maxigen-270-351 size-maxigen-270-351\" alt=\"\" \/>\r\n\t\t\t\t\t<div id='team_shape-4' class='team-shape'>\r\n\t\t\t\t\t\t<svg width='100%' height='100%'>\r\n\t\t\t\t\t\t\t<clipPath id='team-4' clipPathUnits='objectBoundingBox'>\r\n\t\t\t\t\t\t\t\t<polygon points='0 0, 0 1, 1 0.93, 0 0'><\/polygon>\r\n\t\t\t\t\t\t\t<\/clipPath>\r\n\t\t\t\t\t\t<\/svg>\r\n\t\t\t\t\t<\/div>\r\n\t\t\t\t\t<div class='team-hover-box'>\r\n\t\t\t\t\t\t<ul>\r\n\t\t\t\t\t\t\t<li><a href=''><i class='fa fa-facebook'><\/i><\/a><\/li>\t\t\t\t\t\t\r\n\t\t\t\t\t\t\t<li><a href=''><i class='fa fa-twitter'><\/i><\/a><\/li>\r\n\t\t\t\t\t\t\t<li><a href=''><i class='fa fa-instagram'><\/i><\/a><\/li>\r\n\t\t\t\t\t\t<\/ul>\r\n\t\t\t\t\t\t<p>Baccalaureate in radiology technology, ultra trail distance runner. Patron of \u201cLeave no trace\u201d philosophy.<\/p>\r\n\t\t\t\t\t<\/div>\r\n\t\t\t\t<\/div>\r\n\t\t\t\t<h3>milan gr\u017ean<\/h3>\r\n\t\t\t\t<p><\/p>\r\n\t\t\t<\/div>\r\n\t\t<\/div>\r\n\t\t<div class='col '>\r\n\t\t\t<div class='team-box'>\r\n\t\t\t\t<div class='img-box'>\r\n\t\t\t\t\t<img loading=\"lazy\" decoding=\"async\" width=\"270\" height=\"351\" src=\"https:\/\/cldt.hr\/wp-content\/uploads\/2021\/04\/miroslav-horvat-270x351.jpg\" class=\"attachment-maxigen-270-351 size-maxigen-270-351\" alt=\"\" \/>\r\n\t\t\t\t\t<div id='team_shape-5' class='team-shape'>\r\n\t\t\t\t\t\t<svg width='100%' height='100%'>\r\n\t\t\t\t\t\t\t<clipPath id='team-5' clipPathUnits='objectBoundingBox'>\r\n\t\t\t\t\t\t\t\t<polygon points='0 0, 0 1, 1 0.93, 0 0'><\/polygon>\r\n\t\t\t\t\t\t\t<\/clipPath>\r\n\t\t\t\t\t\t<\/svg>\r\n\t\t\t\t\t<\/div>\r\n\t\t\t\t\t<div class='team-hover-box'>\r\n\t\t\t\t\t\t<ul>\r\n\t\t\t\t\t\t\t<li><a href=''><i class='fa fa-facebook'><\/i><\/a><\/li>\t\t\t\t\t\t\r\n\t\t\t\t\t\t\t<li><a href=''><i class='fa fa-twitter'><\/i><\/a><\/li>\r\n\t\t\t\t\t\t\t<li><a href=''><i class='fa fa-instagram'><\/i><\/a><\/li>\r\n\t\t\t\t\t\t<\/ul>\r\n\t\t\t\t\t\t<p>Fireman and a cook \u2013 admirer of American hiking and staying-in-nature concept, supporter of trail angel and trail magic philosophy, loves to help and support hikers on their journeys.<\/p>\r\n\t\t\t\t\t<\/div>\r\n\t\t\t\t<\/div>\r\n\t\t\t\t<h3>miroslav horvat<\/h3>\r\n\t\t\t\t<p>Volunteer<\/p>\r\n\t\t\t<\/div>\r\n\t\t<\/div>\r\n\t\t<div class='col '>\r\n\t\t\t<div class='team-box'>\r\n\t\t\t\t<div class='img-box'>\r\n\t\t\t\t\t<img loading=\"lazy\" decoding=\"async\" width=\"270\" height=\"351\" src=\"https:\/\/cldt.hr\/wp-content\/uploads\/2019\/04\/igor-nad-270x351.jpg\" class=\"attachment-maxigen-270-351 size-maxigen-270-351\" alt=\"\" \/>\r\n\t\t\t\t\t<div id='team_shape-6' class='team-shape'>\r\n\t\t\t\t\t\t<svg width='100%' height='100%'>\r\n\t\t\t\t\t\t\t<clipPath id='team-6' clipPathUnits='objectBoundingBox'>\r\n\t\t\t\t\t\t\t\t<polygon points='0 0, 0 1, 1 0.93, 0 0'><\/polygon>\r\n\t\t\t\t\t\t\t<\/clipPath>\r\n\t\t\t\t\t\t<\/svg>\r\n\t\t\t\t\t<\/div>\r\n\t\t\t\t\t<div class='team-hover-box'>\r\n\t\t\t\t\t\t<ul>\r\n\t\t\t\t\t\t\t<li><a href=''><i class='fa fa-facebook'><\/i><\/a><\/li>\t\t\t\t\t\t\r\n\t\t\t\t\t\t\t<li><a href=''><i class='fa fa-twitter'><\/i><\/a><\/li>\r\n\t\t\t\t\t\t\t<li><a href=''><i class='fa fa-instagram'><\/i><\/a><\/li>\r\n\t\t\t\t\t\t<\/ul>\r\n\t\t\t\t\t\t<p>Professional fireman of Public Fire Station Vinkovci, member of Croatian Mountain Rescue Association in Vinkovci and longtime mountaineer. Collected entire Croatian mountain stamp booklet, and some others. His motto: \u201cFor mountains and mountaineers \u2013 anything, anywhere, anytime\u2026\u201c<\/p>\r\n\t\t\t\t\t<\/div>\r\n\t\t\t\t<\/div>\r\n\t\t\t\t<h3>igor na\u0111<\/h3>\r\n\t\t\t\t<p>Firefighter<\/p>\r\n\t\t\t<\/div>\r\n\t\t<\/div>\r\n\t\t<div class='col '>\r\n\t\t\t<div class='team-box'>\r\n\t\t\t\t<div class='img-box'>\r\n\t\t\t\t\t<img loading=\"lazy\" decoding=\"async\" width=\"270\" height=\"351\" src=\"https:\/\/cldt.hr\/wp-content\/uploads\/2021\/04\/mc_image-e1618342351245-270x351.jpg\" class=\"attachment-maxigen-270-351 size-maxigen-270-351\" alt=\"\" \/>\r\n\t\t\t\t\t<div id='team_shape-7' class='team-shape'>\r\n\t\t\t\t\t\t<svg width='100%' height='100%'>\r\n\t\t\t\t\t\t\t<clipPath id='team-7' clipPathUnits='objectBoundingBox'>\r\n\t\t\t\t\t\t\t\t<polygon points='0 0, 0 1, 1 0.93, 0 0'><\/polygon>\r\n\t\t\t\t\t\t\t<\/clipPath>\r\n\t\t\t\t\t\t<\/svg>\r\n\t\t\t\t\t<\/div>\r\n\t\t\t\t\t<div class='team-hover-box'>\r\n\t\t\t\t\t\t<ul>\r\n\t\t\t\t\t\t\t<li><a href=''><i class='fa fa-facebook'><\/i><\/a><\/li>\t\t\t\t\t\t\r\n\t\t\t\t\t\t\t<li><a href=''><i class='fa fa-twitter'><\/i><\/a><\/li>\r\n\t\t\t\t\t\t\t<li><a href=''><i class='fa fa-instagram'><\/i><\/a><\/li>\r\n\t\t\t\t\t\t<\/ul>\r\n\t\t\t\t\t\t<p>Trail runner and second person to hike the CLDT in it's entirety (class of 2019).<\/p>\r\n\t\t\t\t\t<\/div>\r\n\t\t\t\t<\/div>\r\n\t\t\t\t<h3>matija culjak<\/h3>\r\n\t\t\t\t<p>Web developer<\/p>\r\n\t\t\t<\/div>\r\n\t\t<\/div>\r\n\t\t<div class='col '>\r\n\t\t\t<div class='team-box'>\r\n\t\t\t\t<div class='img-box'>\r\n\t\t\t\t\t<img loading=\"lazy\" decoding=\"async\" width=\"270\" height=\"351\" src=\"https:\/\/cldt.hr\/wp-content\/uploads\/2021\/04\/alen-kozic-270x351.jpg\" class=\"attachment-maxigen-270-351 size-maxigen-270-351\" alt=\"\" \/>\r\n\t\t\t\t\t<div id='team_shape-8' class='team-shape'>\r\n\t\t\t\t\t\t<svg width='100%' height='100%'>\r\n\t\t\t\t\t\t\t<clipPath id='team-8' clipPathUnits='objectBoundingBox'>\r\n\t\t\t\t\t\t\t\t<polygon points='0 0, 0 1, 1 0.93, 0 0'><\/polygon>\r\n\t\t\t\t\t\t\t<\/clipPath>\r\n\t\t\t\t\t\t<\/svg>\r\n\t\t\t\t\t<\/div>\r\n\t\t\t\t\t<div class='team-hover-box'>\r\n\t\t\t\t\t\t<ul>\r\n\t\t\t\t\t\t\t<li><a href=''><i class='fa fa-facebook'><\/i><\/a><\/li>\t\t\t\t\t\t\r\n\t\t\t\t\t\t\t<li><a href=''><i class='fa fa-twitter'><\/i><\/a><\/li>\r\n\t\t\t\t\t\t\t<li><a href=''><i class='fa fa-instagram'><\/i><\/a><\/li>\r\n\t\t\t\t\t\t<\/ul>\r\n\t\t\t\t\t\t<p>Thru-hiker in the making, currently attempting to thru-hike the CLDT (class of 2021).<\/p>\r\n\t\t\t\t\t<\/div>\r\n\t\t\t\t<\/div>\r\n\t\t\t\t<h3>alen kozi\u0107<\/h3>\r\n\t\t\t\t<p>Thru hiker<\/p>\r\n\t\t\t<\/div>\r\n\t\t<\/div>\r\n\t\t<div class='col '>\r\n\t\t\t<div class='team-box'>\r\n\t\t\t\t<div class='img-box'>\r\n\t\t\t\t\t<img loading=\"lazy\" decoding=\"async\" width=\"270\" height=\"351\" src=\"https:\/\/cldt.hr\/wp-content\/uploads\/2021\/04\/josip-knez-270x351.jpg\" class=\"attachment-maxigen-270-351 size-maxigen-270-351\" alt=\"\" \/>\r\n\t\t\t\t\t<div id='team_shape-9' class='team-shape'>\r\n\t\t\t\t\t\t<svg width='100%' height='100%'>\r\n\t\t\t\t\t\t\t<clipPath id='team-9' clipPathUnits='objectBoundingBox'>\r\n\t\t\t\t\t\t\t\t<polygon points='0 0, 0 1, 1 0.93, 0 0'><\/polygon>\r\n\t\t\t\t\t\t\t<\/clipPath>\r\n\t\t\t\t\t\t<\/svg>\r\n\t\t\t\t\t<\/div>\r\n\t\t\t\t\t<div class='team-hover-box'>\r\n\t\t\t\t\t\t<ul>\r\n\t\t\t\t\t\t\t<li><a href=''><i class='fa fa-facebook'><\/i><\/a><\/li>\t\t\t\t\t\t\r\n\t\t\t\t\t\t\t<li><a href=''><i class='fa fa-twitter'><\/i><\/a><\/li>\r\n\t\t\t\t\t\t\t<li><a href=''><i class='fa fa-instagram'><\/i><\/a><\/li>\r\n\t\t\t\t\t\t<\/ul>\r\n\t\t\t\t\t\t<p>Father of two, Master of Nautical Studies, educator. He has privilege of living next to Velebit mountain and uses every free moment to explore it\u2019s beauties.<\/p>\r\n\t\t\t\t\t<\/div>\r\n\t\t\t\t<\/div>\r\n\t\t\t\t<h3>josip knez<\/h3>\r\n\t\t\t\t<p><\/p>\r\n\t\t\t<\/div>\r\n\t\t<\/div>\r\n\t\t<div class='col '>\r\n\t\t\t<div class='team-box'>\r\n\t\t\t\t<div class='img-box'>\r\n\t\t\t\t\t<img loading=\"lazy\" decoding=\"async\" width=\"270\" height=\"351\" src=\"https:\/\/cldt.hr\/wp-content\/uploads\/2022\/03\/cldt-bianca-knez-270x351.jpg\" class=\"attachment-maxigen-270-351 size-maxigen-270-351\" alt=\"\" \/>\r\n\t\t\t\t\t<div id='team_shape-10' class='team-shape'>\r\n\t\t\t\t\t\t<svg width='100%' height='100%'>\r\n\t\t\t\t\t\t\t<clipPath id='team-10' clipPathUnits='objectBoundingBox'>\r\n\t\t\t\t\t\t\t\t<polygon points='0 0, 0 1, 1 0.93, 0 0'><\/polygon>\r\n\t\t\t\t\t\t\t<\/clipPath>\r\n\t\t\t\t\t\t<\/svg>\r\n\t\t\t\t\t<\/div>\r\n\t\t\t\t\t<div class='team-hover-box'>\r\n\t\t\t\t\t\t<ul>\r\n\t\t\t\t\t\t\t<li><a href=''><i class='fa fa-facebook'><\/i><\/a><\/li>\t\t\t\t\t\t\r\n\t\t\t\t\t\t\t<li><a href=''><i class='fa fa-twitter'><\/i><\/a><\/li>\r\n\t\t\t\t\t\t\t<li><a href=''><i class='fa fa-instagram'><\/i><\/a><\/li>\r\n\t\t\t\t\t\t<\/ul>\r\n\t\t\t\t\t\t<p>Mother. Nature lover. Passionate about hiking, running, cycling and photography.<\/p>\r\n\t\t\t\t\t<\/div>\r\n\t\t\t\t<\/div>\r\n\t\t\t\t<h3>Bianca Knez<\/h3>\r\n\t\t\t\t<p><\/p>\r\n\t\t\t<\/div>\r\n\t\t<\/div>\r\n\t\t<div class='col '>\r\n\t\t\t<div class='team-box'>\r\n\t\t\t\t<div class='img-box'>\r\n\t\t\t\t\t<img loading=\"lazy\" decoding=\"async\" width=\"270\" height=\"351\" src=\"https:\/\/cldt.hr\/wp-content\/uploads\/2022\/03\/cldt-ivor-bosnjak-270x351.jpeg\" class=\"attachment-maxigen-270-351 size-maxigen-270-351\" alt=\"\" \/>\r\n\t\t\t\t\t<div id='team_shape-11' class='team-shape'>\r\n\t\t\t\t\t\t<svg width='100%' height='100%'>\r\n\t\t\t\t\t\t\t<clipPath id='team-11' clipPathUnits='objectBoundingBox'>\r\n\t\t\t\t\t\t\t\t<polygon points='0 0, 0 1, 1 0.93, 0 0'><\/polygon>\r\n\t\t\t\t\t\t\t<\/clipPath>\r\n\t\t\t\t\t\t<\/svg>\r\n\t\t\t\t\t<\/div>\r\n\t\t\t\t\t<div class='team-hover-box'>\r\n\t\t\t\t\t\t<ul>\r\n\t\t\t\t\t\t\t<li><a href=''><i class='fa fa-facebook'><\/i><\/a><\/li>\t\t\t\t\t\t\r\n\t\t\t\t\t\t\t<li><a href=''><i class='fa fa-twitter'><\/i><\/a><\/li>\r\n\t\t\t\t\t\t\t<li><a href=''><i class='fa fa-instagram'><\/i><\/a><\/li>\r\n\t\t\t\t\t\t<\/ul>\r\n\t\t\t\t\t\t<p>A true lover of all things nature, especially forests and mountains, who alongside hiking and mountaineering organises parties and electronic music festivals. Despite being a fan of loud music, he prefers tranquility and peace of the wilderness. Available to all CLDT hikers from Zagreb to Rijeka.<\/p>\r\n\t\t\t\t\t<\/div>\r\n\t\t\t\t<\/div>\r\n\t\t\t\t<h3>Ivor Bo\u0161njak<\/h3>\r\n\t\t\t\t<p><\/p>\r\n\t\t\t<\/div>\r\n\t\t<\/div>\r\n\t\t<div class='col '>\r\n\t\t\t<div class='team-box'>\r\n\t\t\t\t<div class='img-box'>\r\n\t\t\t\t\t<img loading=\"lazy\" decoding=\"async\" width=\"270\" height=\"351\" src=\"https:\/\/cldt.hr\/wp-content\/uploads\/2022\/03\/cldt-draze-cencic-270x351.jpeg\" class=\"attachment-maxigen-270-351 size-maxigen-270-351\" alt=\"\" \/>\r\n\t\t\t\t\t<div id='team_shape-12' class='team-shape'>\r\n\t\t\t\t\t\t<svg width='100%' height='100%'>\r\n\t\t\t\t\t\t\t<clipPath id='team-12' clipPathUnits='objectBoundingBox'>\r\n\t\t\t\t\t\t\t\t<polygon points='0 0, 0 1, 1 0.93, 0 0'><\/polygon>\r\n\t\t\t\t\t\t\t<\/clipPath>\r\n\t\t\t\t\t\t<\/svg>\r\n\t\t\t\t\t<\/div>\r\n\t\t\t\t\t<div class='team-hover-box'>\r\n\t\t\t\t\t\t<ul>\r\n\t\t\t\t\t\t\t<li><a href=''><i class='fa fa-facebook'><\/i><\/a><\/li>\t\t\t\t\t\t\r\n\t\t\t\t\t\t\t<li><a href=''><i class='fa fa-twitter'><\/i><\/a><\/li>\r\n\t\t\t\t\t\t\t<li><a href=''><i class='fa fa-instagram'><\/i><\/a><\/li>\r\n\t\t\t\t\t\t<\/ul>\r\n\t\t\t\t\t\t<p>Hiking tours guide.<\/p>\r\n\t\t\t\t\t<\/div>\r\n\t\t\t\t<\/div>\r\n\t\t\t\t<h3>Dra\u017een Cen\u010di\u0107<\/h3>\r\n\t\t\t\t<p><\/p>\r\n\t\t\t<\/div>\r\n\t\t<\/div>\r\n\t\t\t<\/div>\r\n\t\t<\/div>\r\n\t<\/div>\n","protected":false},"excerpt":{"rendered":"<p>We are Croatian Long Distance Trail Association and efforts to create, build, waymark and keep alive the Croatian Long Distance Trail is the essence of our existence as an association. Although coming from different parts of Croatia we are tied together with a common string that resonates within our beings &#8211; love towards mountains, nature [&hellip;]<\/p>\n","protected":false},"author":1,"featured_media":0,"parent":0,"menu_order":0,"comment_status":"closed","ping_status":"closed","template":"","meta":{"_acf_changed":false,"_lmt_disableupdate":"no","_lmt_disable":"","_monsterinsights_skip_tracking":false,"_monsterinsights_sitenote_active":false,"_monsterinsights_sitenote_note":"","_monsterinsights_sitenote_category":0,"footnotes":""},"class_list":["post-2442","page","type-page","status-publish","hentry"],"acf":[],"_links":{"self":[{"href":"https:\/\/cldt.hr\/en\/wp-json\/wp\/v2\/pages\/2442","targetHints":{"allow":["GET"]}}],"collection":[{"href":"https:\/\/cldt.hr\/en\/wp-json\/wp\/v2\/pages"}],"about":[{"href":"https:\/\/cldt.hr\/en\/wp-json\/wp\/v2\/types\/page"}],"author":[{"embeddable":true,"href":"https:\/\/cldt.hr\/en\/wp-json\/wp\/v2\/users\/1"}],"replies":[{"embeddable":true,"href":"https:\/\/cldt.hr\/en\/wp-json\/wp\/v2\/comments?post=2442"}],"version-history":[{"count":20,"href":"https:\/\/cldt.hr\/en\/wp-json\/wp\/v2\/pages\/2442\/revisions"}],"predecessor-version":[{"id":4259,"href":"https:\/\/cldt.hr\/en\/wp-json\/wp\/v2\/pages\/2442\/revisions\/4259"}],"wp:attachment":[{"href":"https:\/\/cldt.hr\/en\/wp-json\/wp\/v2\/media?parent=2442"}],"curies":[{"name":"wp","href":"https:\/\/api.w.org\/{rel}","templated":true}]}}